{"id":5747,"date":"2024-04-22T17:41:28","date_gmt":"2024-04-22T17:41:28","guid":{"rendered":"https:\/\/www.089-schluesseldienst.com\/?page_id=5747"},"modified":"2024-04-22T17:42:13","modified_gmt":"2024-04-22T17:42:13","slug":"089-schluesseldienst-guevenilir-anahtar-hizmeti","status":"publish","type":"page","link":"https:\/\/www.089-schluesseldienst.com\/tr\/","title":{"rendered":"089 Schl\u00fcsseldienst Muenchen | G\u00fcvenilir Anahtar Hizmeti"},"content":{"rendered":"<h3><span class=\"ez-toc-section\" id=\"Hos_geldiniz_089_Schlusseldienst_Anahtar_Sorunlari_icin_Guvenilir_Anahtar_Hizmeti_Ortak_%F0%9F%93%9E_08994391022\"><\/span><strong><span style=\"color: #003366;\">Ho\u015f geldiniz 089 Schl\u00fcsseldienst | Anahtar Sorunlar\u0131 i\u00e7in G\u00fcvenilir Anahtar Hizmeti Ortak <\/span><\/strong><span style=\"color: #003366;\"><strong>\ud83d\udcde 089\/94391022<\/strong><\/span><span class=\"ez-toc-section-end\"><\/span><\/h3><div id=\"ez-toc-container\" class=\"ez-toc-v2_0_82 counter-hierarchy ez-toc-counter ez-toc-grey ez-toc-container-direction\">\n<div class=\"ez-toc-title-container\">\n<p class=\"ez-toc-title\" style=\"cursor:inherit\">Inhaltsverzeichnis<\/p>\n<span class=\"ez-toc-title-toggle\"><a href=\"#\" class=\"ez-toc-pull-right ez-toc-btn ez-toc-btn-xs ez-toc-btn-default ez-toc-toggle\" aria-label=\"\u0130\u00e7indekiler Tablosunu A\u00e7\/Kapat\"><span class=\"ez-toc-js-icon-con\"><span class=\"\"><span class=\"eztoc-hide\" style=\"display:none;\">Toggle<\/span><span class=\"ez-toc-icon-toggle-span\"><svg style=\"fill: #999;color:#999\" xmlns=\"http:\/\/www.w3.org\/2000\/svg\" class=\"list-377408\" width=\"20px\" height=\"20px\" viewBox=\"0 0 24 24\" fill=\"none\"><path d=\"M6 6H4v2h2V6zm14 0H8v2h12V6zM4 11h2v2H4v-2zm16 0H8v2h12v-2zM4 16h2v2H4v-2zm16 0H8v2h12v-2z\" fill=\"currentColor\"><\/path><\/svg><svg style=\"fill: #999;color:#999\" class=\"arrow-unsorted-368013\" xmlns=\"http:\/\/www.w3.org\/2000\/svg\" width=\"10px\" height=\"10px\" viewBox=\"0 0 24 24\" version=\"1.2\" baseProfile=\"tiny\"><path d=\"M18.2 9.3l-6.2-6.3-6.2 6.3c-.2.2-.3.4-.3.7s.1.5.3.7c.2.2.4.3.7.3h11c.3 0 .5-.1.7-.3.2-.2.3-.5.3-.7s-.1-.5-.3-.7zM5.8 14.7l6.2 6.3 6.2-6.3c.2-.2.3-.5.3-.7s-.1-.5-.3-.7c-.2-.2-.4-.3-.7-.3h-11c-.3 0-.5.1-.7.3-.2.2-.3.5-.3.7s.1.5.3.7z\"\/><\/svg><\/span><\/span><\/span><\/a><\/span><\/div>\n<nav><ul class='ez-toc-list ez-toc-list-level-1 ' ><li class='ez-toc-page-1 ez-toc-heading-level-3'><a class=\"ez-toc-link ez-toc-heading-1\" href=\"https:\/\/www.089-schluesseldienst.com\/tr\/#Hos_geldiniz_089_Schlusseldienst_Anahtar_Sorunlari_icin_Guvenilir_Anahtar_Hizmeti_Ortak_%F0%9F%93%9E_08994391022\" >Ho\u015f geldiniz 089 Schl\u00fcsseldienst | Anahtar Sorunlar\u0131 i\u00e7in G\u00fcvenilir Anahtar Hizmeti Ortak \ud83d\udcde 089\/94391022<\/a><\/li><li class='ez-toc-page-1 ez-toc-heading-level-3'><a class=\"ez-toc-link ez-toc-heading-2\" href=\"https:\/\/www.089-schluesseldienst.com\/tr\/#Size_Sundugumuz_Genis_Hizmet_Yelpazesi\" >Size Sundu\u011fumuz Geni\u015f Hizmet Yelpazesi<\/a><\/li><li class='ez-toc-page-1 ez-toc-heading-level-3'><a class=\"ez-toc-link ez-toc-heading-3\" href=\"https:\/\/www.089-schluesseldienst.com\/tr\/#Neden_Bizi_Secmelisiniz\" >Neden Bizi Se\u00e7melisiniz<\/a><\/li><li class='ez-toc-page-1 ez-toc-heading-level-3'><a class=\"ez-toc-link ez-toc-heading-4\" href=\"https:\/\/www.089-schluesseldienst.com\/tr\/#Bizi_Ne_Zaman_Aramalisiniz\" >Bizi Ne Zaman Aramal\u0131s\u0131n\u0131z?<\/a><\/li><\/ul><\/nav><\/div>\n\n<p><img loading=\"lazy\" decoding=\"async\" class=\"aligncenter size-full wp-image-5748\" src=\"https:\/\/www.089-schluesseldienst.com\/wp-content\/uploads\/2024\/04\/111-1.jpg\" alt=\"\" width=\"768\" height=\"433\" srcset=\"https:\/\/www.089-schluesseldienst.com\/wp-content\/uploads\/2024\/04\/111-1.jpg 768w, https:\/\/www.089-schluesseldienst.com\/wp-content\/uploads\/2024\/04\/111-1-347x196.jpg 347w\" sizes=\"auto, (max-width: 768px) 100vw, 768px\" \/><\/p>\n<p>Ev ya da arabana aniden kilitlendi\u011finde belki de daha sinir bozucu bir \u015fey yoktur. Ama endi\u015felenmeyin, 089 Schl\u00fcsseldienst anahtar hizmeti burada sizin i\u00e7in bu t\u00fcr durumlarda yard\u0131mc\u0131 olmak i\u00e7in.<\/p>\n<h3><span class=\"ez-toc-section\" id=\"Size_Sundugumuz_Genis_Hizmet_Yelpazesi\"><\/span><strong><span style=\"color: #003366;\">Size Sundu\u011fumuz Geni\u015f Hizmet Yelpazesi<\/span><\/strong><span class=\"ez-toc-section-end\"><\/span><\/h3>\n<p>&#8211; Ev ve daire kap\u0131lar\u0131n\u0131n a\u00e7\u0131lmas\u0131<br \/>\n&#8211; 7\/24 acil kilit a\u00e7ma servisi<br \/>\n&#8211; Posta kutular\u0131n\u0131n a\u00e7\u0131lmas\u0131<br \/>\n&#8211; H\u0131rs\u0131zl\u0131k sonras\u0131 hasar\u0131n onar\u0131m\u0131<br \/>\n&#8211; Araba kilidi a\u00e7ma<br \/>\n&#8211; Garaj kap\u0131s\u0131 a\u00e7ma<br \/>\n&#8211; Kasa a\u00e7ma<br \/>\n&#8211; Dosya dolaplar\u0131n\u0131n a\u00e7\u0131lmas\u0131<\/p>\n<h3><span class=\"ez-toc-section\" id=\"Neden_Bizi_Secmelisiniz\"><\/span><strong><span style=\"color: #003366;\">Neden Bizi Se\u00e7melisiniz<\/span><\/strong><span class=\"ez-toc-section-end\"><\/span><\/h3>\n<p>&#8211; Y\u0131l\u0131n 365 g\u00fcn\u00fc g\u00fcn\u00fcn her saati hizmetteyiz<br \/>\n&#8211; H\u0131zl\u0131, dost\u00e7a ve profesyonel hizmet<br \/>\n&#8211; Aciliyetinizi anl\u0131yoruz ve hemen oraday\u0131z<br \/>\n&#8211; Hizmetlerimiz sabit ve adil fiyatlarla en y\u00fcksek kalitededir<br \/>\n&#8211; M\u00fc\u015fteri memnuniyeti bizim \u00f6nceli\u011fimizdir<\/p>\n<h3><span class=\"ez-toc-section\" id=\"Bizi_Ne_Zaman_Aramalisiniz\"><\/span><strong><span style=\"color: #003366;\">Bizi Ne Zaman Aramal\u0131s\u0131n\u0131z?<\/span><\/strong><span class=\"ez-toc-section-end\"><\/span><\/h3>\n<p>&#8211; E\u011fer d\u0131\u015far\u0131da kilitlendiyseniz<br \/>\n&#8211; E\u011fer anahtar\u0131n\u0131z\u0131 kaybettiyseniz<br \/>\n&#8211; E\u011fer bozuk bir kilit veya silindir de\u011fi\u015ftirmeniz gerekiyorsa<br \/>\n&#8211; E\u011fer bir g\u00fcvenlik silindirine ihtiyac\u0131n\u0131z varsa<br \/>\n&#8211; E\u011fer bir kasa a\u00e7man\u0131z gerekiyorsa<\/p>\n<p>B\u00fct\u00fcn anahtar sorunlar\u0131n\u0131zda g\u00fcvenilir orta\u011f\u0131n\u0131z\u0131z. 089 Schl\u00fcsseldienst anahtar hizmeti her zaman 7 g\u00fcn 24 saat hizmetinizdedir, istedi\u011finiz zaman bizi aray\u0131n.<\/p>\n","protected":false},"excerpt":{"rendered":"<p>Ho\u015f geldiniz 089 Schl\u00fcsseldienst | Anahtar Sorunlar\u0131 i\u00e7in G\u00fcvenilir Anahtar Hizmeti Ortak \ud83d\udcde 089\/94391022 Ev ya da arabana aniden kilitlendi\u011finde belki de daha sinir bozucu bir \u015fey yoktur. Ama endi\u015felenmeyin, 089 Schl\u00fcsseldienst anahtar hizmeti burada sizin i\u00e7in bu t\u00fcr durumlarda yard\u0131mc\u0131 olmak i\u00e7in. Size Sundu\u011fumuz Geni\u015f Hizmet Yelpazesi &#8211; Ev ve daire kap\u0131lar\u0131n\u0131n a\u00e7\u0131lmas\u0131 &#8211; [&hellip;]<\/p>\n","protected":false},"author":1,"featured_media":0,"parent":0,"menu_order":0,"comment_status":"closed","ping_status":"closed","template":"","meta":{"footnotes":""},"class_list":["post-5747","page","type-page","status-publish","hentry"],"yoast_head":"<!-- This site is optimized with the Yoast SEO plugin v27.2 - https:\/\/yoast.com\/product\/yoast-seo-wordpress\/ -->\n<title>089 Schl\u00fcsseldienst Muenchen | G\u00fcvenilir Anahtar Hizmeti \ud83d\udcde 089\/94391022<\/title>\n<meta name=\"description\" content=\"Ev ya da arabana aniden kilitlendi\u011finde belki de daha sinir bozucu bir \u015fey yoktur. Ama endi\u015felenmeyin, 089 Schl\u00fcsseldienst anahtar hizmeti..\" \/>\n<meta name=\"robots\" content=\"index, follow, max-snippet:-1, max-image-preview:large, max-video-preview:-1\" \/>\n<link rel=\"canonical\" href=\"https:\/\/www.089-schluesseldienst.com\/tr\/\" \/>\n<meta property=\"og:locale\" content=\"tr_TR\" \/>\n<meta property=\"og:type\" content=\"article\" \/>\n<meta property=\"og:title\" content=\"089 Schl\u00fcsseldienst Muenchen | G\u00fcvenilir Anahtar Hizmeti \ud83d\udcde 089\/94391022\" \/>\n<meta property=\"og:description\" content=\"Ev ya da arabana aniden kilitlendi\u011finde belki de daha sinir bozucu bir \u015fey yoktur. Ama endi\u015felenmeyin, 089 Schl\u00fcsseldienst anahtar hizmeti..\" \/>\n<meta property=\"og:url\" content=\"https:\/\/www.089-schluesseldienst.com\/tr\/\" \/>\n<meta property=\"og:site_name\" content=\"Schl\u00fcsseldienst M\u00fcnchen Festpreis 55,-\u20ac 089\/94391022\" \/>\n<meta property=\"article:publisher\" content=\"https:\/\/www.facebook.com\/pages\/089-Schl%c3%bcsseldienst\/380325572118404\" \/>\n<meta property=\"article:modified_time\" content=\"2024-04-22T17:42:13+00:00\" \/>\n<meta property=\"og:image\" content=\"https:\/\/www.089-schluesseldienst.com\/wp-content\/uploads\/2024\/04\/111-1.jpg\" \/>\n<meta name=\"twitter:label1\" content=\"Tahmini okuma s\u00fcresi\" \/>\n\t<meta name=\"twitter:data1\" content=\"2 dakika\" \/>\n<script type=\"application\/ld+json\" class=\"yoast-schema-graph\">{\"@context\":\"https:\/\/schema.org\",\"@graph\":[{\"@type\":\"WebPage\",\"@id\":\"https:\/\/www.089-schluesseldienst.com\/tr\/\",\"url\":\"https:\/\/www.089-schluesseldienst.com\/tr\/\",\"name\":\"089 Schl\u00fcsseldienst Muenchen | G\u00fcvenilir Anahtar Hizmeti \ud83d\udcde 089\/94391022\",\"isPartOf\":{\"@id\":\"https:\/\/www.089-schluesseldienst.com\/tr\/#website\"},\"primaryImageOfPage\":{\"@id\":\"https:\/\/www.089-schluesseldienst.com\/tr\/#primaryimage\"},\"image\":{\"@id\":\"https:\/\/www.089-schluesseldienst.com\/tr\/#primaryimage\"},\"thumbnailUrl\":\"https:\/\/www.089-schluesseldienst.com\/wp-content\/uploads\/2024\/04\/111-1.jpg\",\"datePublished\":\"2024-04-22T17:41:28+00:00\",\"dateModified\":\"2024-04-22T17:42:13+00:00\",\"description\":\"Ev ya da arabana aniden kilitlendi\u011finde belki de daha sinir bozucu bir \u015fey yoktur. Ama endi\u015felenmeyin, 089 Schl\u00fcsseldienst anahtar hizmeti..\",\"breadcrumb\":{\"@id\":\"https:\/\/www.089-schluesseldienst.com\/tr\/#breadcrumb\"},\"inLanguage\":\"tr\",\"potentialAction\":[{\"@type\":\"ReadAction\",\"target\":[\"https:\/\/www.089-schluesseldienst.com\/tr\/\"]}]},{\"@type\":\"ImageObject\",\"inLanguage\":\"tr\",\"@id\":\"https:\/\/www.089-schluesseldienst.com\/tr\/#primaryimage\",\"url\":\"https:\/\/www.089-schluesseldienst.com\/wp-content\/uploads\/2024\/04\/111-1.jpg\",\"contentUrl\":\"https:\/\/www.089-schluesseldienst.com\/wp-content\/uploads\/2024\/04\/111-1.jpg\"},{\"@type\":\"BreadcrumbList\",\"@id\":\"https:\/\/www.089-schluesseldienst.com\/tr\/#breadcrumb\",\"itemListElement\":[{\"@type\":\"ListItem\",\"position\":1,\"name\":\"Home\",\"item\":\"https:\/\/www.089-schluesseldienst.com\/tr\/\"},{\"@type\":\"ListItem\",\"position\":2,\"name\":\"089 Schl\u00fcsseldienst Muenchen | G\u00fcvenilir Anahtar Hizmeti\"}]},{\"@type\":\"WebSite\",\"@id\":\"https:\/\/www.089-schluesseldienst.com\/tr\/#website\",\"url\":\"https:\/\/www.089-schluesseldienst.com\/tr\/\",\"name\":\"Schl\u00fcsseldienst M\u00fcnchen Festpreis 55,-\u20ac 089\/94391022\",\"description\":\"55,-\u20ac keine Anfahrtskosten\",\"publisher\":{\"@id\":\"https:\/\/www.089-schluesseldienst.com\/tr\/#organization\"},\"potentialAction\":[{\"@type\":\"SearchAction\",\"target\":{\"@type\":\"EntryPoint\",\"urlTemplate\":\"https:\/\/www.089-schluesseldienst.com\/tr\/?s={search_term_string}\"},\"query-input\":{\"@type\":\"PropertyValueSpecification\",\"valueRequired\":true,\"valueName\":\"search_term_string\"}}],\"inLanguage\":\"tr\"},{\"@type\":\"Organization\",\"@id\":\"https:\/\/www.089-schluesseldienst.com\/tr\/#organization\",\"name\":\"Schl\u00fcsseldienst M\u00fcnchen Festpreis 55,-\u20ac 089\/94391022\",\"url\":\"https:\/\/www.089-schluesseldienst.com\/tr\/\",\"logo\":{\"@type\":\"ImageObject\",\"inLanguage\":\"tr\",\"@id\":\"https:\/\/www.089-schluesseldienst.com\/tr\/#\/schema\/logo\/image\/\",\"url\":\"https:\/\/www.089-schluesseldienst.com\/wp-content\/uploads\/2019\/11\/cropped-cropped-157436094679494883.png\",\"contentUrl\":\"https:\/\/www.089-schluesseldienst.com\/wp-content\/uploads\/2019\/11\/cropped-cropped-157436094679494883.png\",\"width\":89,\"height\":89,\"caption\":\"Schl\u00fcsseldienst M\u00fcnchen Festpreis 55,-\u20ac 089\/94391022\"},\"image\":{\"@id\":\"https:\/\/www.089-schluesseldienst.com\/tr\/#\/schema\/logo\/image\/\"},\"sameAs\":[\"https:\/\/www.facebook.com\/pages\/089-Schl\u00fcsseldienst\/380325572118404\",\"https:\/\/x.com\/089Schluessel\"]}]}<\/script>\n<!-- \/ Yoast SEO plugin. -->","yoast_head_json":{"title":"089 Schl\u00fcsseldienst Muenchen | G\u00fcvenilir Anahtar Hizmeti \ud83d\udcde 089\/94391022","description":"Ev ya da arabana aniden kilitlendi\u011finde belki de daha sinir bozucu bir \u015fey yoktur. Ama endi\u015felenmeyin, 089 Schl\u00fcsseldienst anahtar hizmeti..","robots":{"index":"index","follow":"follow","max-snippet":"max-snippet:-1","max-image-preview":"max-image-preview:large","max-video-preview":"max-video-preview:-1"},"canonical":"https:\/\/www.089-schluesseldienst.com\/tr\/","og_locale":"tr_TR","og_type":"article","og_title":"089 Schl\u00fcsseldienst Muenchen | G\u00fcvenilir Anahtar Hizmeti \ud83d\udcde 089\/94391022","og_description":"Ev ya da arabana aniden kilitlendi\u011finde belki de daha sinir bozucu bir \u015fey yoktur. Ama endi\u015felenmeyin, 089 Schl\u00fcsseldienst anahtar hizmeti..","og_url":"https:\/\/www.089-schluesseldienst.com\/tr\/","og_site_name":"Schl\u00fcsseldienst M\u00fcnchen Festpreis 55,-\u20ac 089\/94391022","article_publisher":"https:\/\/www.facebook.com\/pages\/089-Schl%c3%bcsseldienst\/380325572118404","article_modified_time":"2024-04-22T17:42:13+00:00","og_image":[{"url":"https:\/\/www.089-schluesseldienst.com\/wp-content\/uploads\/2024\/04\/111-1.jpg","type":"","width":"","height":""}],"twitter_misc":{"Tahmini okuma s\u00fcresi":"2 dakika"},"schema":{"@context":"https:\/\/schema.org","@graph":[{"@type":"WebPage","@id":"https:\/\/www.089-schluesseldienst.com\/tr\/","url":"https:\/\/www.089-schluesseldienst.com\/tr\/","name":"089 Schl\u00fcsseldienst Muenchen | G\u00fcvenilir Anahtar Hizmeti \ud83d\udcde 089\/94391022","isPartOf":{"@id":"https:\/\/www.089-schluesseldienst.com\/tr\/#website"},"primaryImageOfPage":{"@id":"https:\/\/www.089-schluesseldienst.com\/tr\/#primaryimage"},"image":{"@id":"https:\/\/www.089-schluesseldienst.com\/tr\/#primaryimage"},"thumbnailUrl":"https:\/\/www.089-schluesseldienst.com\/wp-content\/uploads\/2024\/04\/111-1.jpg","datePublished":"2024-04-22T17:41:28+00:00","dateModified":"2024-04-22T17:42:13+00:00","description":"Ev ya da arabana aniden kilitlendi\u011finde belki de daha sinir bozucu bir \u015fey yoktur. Ama endi\u015felenmeyin, 089 Schl\u00fcsseldienst anahtar hizmeti..","breadcrumb":{"@id":"https:\/\/www.089-schluesseldienst.com\/tr\/#breadcrumb"},"inLanguage":"tr","potentialAction":[{"@type":"ReadAction","target":["https:\/\/www.089-schluesseldienst.com\/tr\/"]}]},{"@type":"ImageObject","inLanguage":"tr","@id":"https:\/\/www.089-schluesseldienst.com\/tr\/#primaryimage","url":"https:\/\/www.089-schluesseldienst.com\/wp-content\/uploads\/2024\/04\/111-1.jpg","contentUrl":"https:\/\/www.089-schluesseldienst.com\/wp-content\/uploads\/2024\/04\/111-1.jpg"},{"@type":"BreadcrumbList","@id":"https:\/\/www.089-schluesseldienst.com\/tr\/#breadcrumb","itemListElement":[{"@type":"ListItem","position":1,"name":"Home","item":"https:\/\/www.089-schluesseldienst.com\/tr\/"},{"@type":"ListItem","position":2,"name":"089 Schl\u00fcsseldienst Muenchen | G\u00fcvenilir Anahtar Hizmeti"}]},{"@type":"WebSite","@id":"https:\/\/www.089-schluesseldienst.com\/tr\/#website","url":"https:\/\/www.089-schluesseldienst.com\/tr\/","name":"Schl\u00fcsseldienst M\u00fcnchen Festpreis 55,-\u20ac 089\/94391022","description":"55,-\u20ac keine Anfahrtskosten","publisher":{"@id":"https:\/\/www.089-schluesseldienst.com\/tr\/#organization"},"potentialAction":[{"@type":"SearchAction","target":{"@type":"EntryPoint","urlTemplate":"https:\/\/www.089-schluesseldienst.com\/tr\/?s={search_term_string}"},"query-input":{"@type":"PropertyValueSpecification","valueRequired":true,"valueName":"search_term_string"}}],"inLanguage":"tr"},{"@type":"Organization","@id":"https:\/\/www.089-schluesseldienst.com\/tr\/#organization","name":"Schl\u00fcsseldienst M\u00fcnchen Festpreis 55,-\u20ac 089\/94391022","url":"https:\/\/www.089-schluesseldienst.com\/tr\/","logo":{"@type":"ImageObject","inLanguage":"tr","@id":"https:\/\/www.089-schluesseldienst.com\/tr\/#\/schema\/logo\/image\/","url":"https:\/\/www.089-schluesseldienst.com\/wp-content\/uploads\/2019\/11\/cropped-cropped-157436094679494883.png","contentUrl":"https:\/\/www.089-schluesseldienst.com\/wp-content\/uploads\/2019\/11\/cropped-cropped-157436094679494883.png","width":89,"height":89,"caption":"Schl\u00fcsseldienst M\u00fcnchen Festpreis 55,-\u20ac 089\/94391022"},"image":{"@id":"https:\/\/www.089-schluesseldienst.com\/tr\/#\/schema\/logo\/image\/"},"sameAs":["https:\/\/www.facebook.com\/pages\/089-Schl\u00fcsseldienst\/380325572118404","https:\/\/x.com\/089Schluessel"]}]}},"rttpg_featured_image_url":null,"rttpg_author":{"display_name":"admin","author_link":"https:\/\/www.089-schluesseldienst.com\/tr\/author\/admin\/"},"rttpg_comment":0,"rttpg_category":" <a href=\"https:\/\/www.089-schluesseldienst.com\/tr\/?taxonomy=translation_priority&#038;term=optional-tr\" rel=\"tag\">Optional<\/a>","rttpg_excerpt":"Ho\u015f geldiniz 089 Schl\u00fcsseldienst | Anahtar Sorunlar\u0131 i\u00e7in G\u00fcvenilir Anahtar Hizmeti Ortak \ud83d\udcde 089\/94391022 Ev ya da arabana aniden kilitlendi\u011finde belki de daha sinir bozucu bir \u015fey yoktur. Ama endi\u015felenmeyin, 089 Schl\u00fcsseldienst anahtar hizmeti burada sizin i\u00e7in bu t\u00fcr durumlarda yard\u0131mc\u0131 olmak i\u00e7in. Size Sundu\u011fumuz Geni\u015f Hizmet Yelpazesi &#8211; Ev ve daire kap\u0131lar\u0131n\u0131n a\u00e7\u0131lmas\u0131 &#8211;&hellip;","_links":{"self":[{"href":"https:\/\/www.089-schluesseldienst.com\/tr\/wp-json\/wp\/v2\/pages\/5747","targetHints":{"allow":["GET"]}}],"collection":[{"href":"https:\/\/www.089-schluesseldienst.com\/tr\/wp-json\/wp\/v2\/pages"}],"about":[{"href":"https:\/\/www.089-schluesseldienst.com\/tr\/wp-json\/wp\/v2\/types\/page"}],"author":[{"embeddable":true,"href":"https:\/\/www.089-schluesseldienst.com\/tr\/wp-json\/wp\/v2\/users\/1"}],"replies":[{"embeddable":true,"href":"https:\/\/www.089-schluesseldienst.com\/tr\/wp-json\/wp\/v2\/comments?post=5747"}],"version-history":[{"count":3,"href":"https:\/\/www.089-schluesseldienst.com\/tr\/wp-json\/wp\/v2\/pages\/5747\/revisions"}],"predecessor-version":[{"id":5774,"href":"https:\/\/www.089-schluesseldienst.com\/tr\/wp-json\/wp\/v2\/pages\/5747\/revisions\/5774"}],"wp:attachment":[{"href":"https:\/\/www.089-schluesseldienst.com\/tr\/wp-json\/wp\/v2\/media?parent=5747"}],"curies":[{"name":"wp","href":"https:\/\/api.w.org\/{rel}","templated":true}]}}