{"id":5958,"date":"2024-04-26T17:42:17","date_gmt":"2024-04-26T17:42:17","guid":{"rendered":"https:\/\/www.089-schluesseldienst.com\/?page_id=5958"},"modified":"2024-04-26T17:42:18","modified_gmt":"2024-04-26T17:42:18","slug":"089-bravandreqes-mynih","status":"publish","type":"page","link":"https:\/\/www.089-schluesseldienst.com\/sq\/","title":{"rendered":"089 Bravandreq\u00ebs Mynih"},"content":{"rendered":"\n<p class=\"has-text-color has-link-color wp-elements-565117007c413ab17060836d4ae05298\" style=\"color:#000435\"><strong>Mir\u00eb se vini te 089 Schl\u00fcsseldienst \u00e7mim fiks ,-\u20ac 55  \ud83d\udcde 089\/94391022 <\/strong><\/p>\n\n\n\n<p class=\"has-text-color has-link-color wp-elements-dd5e7685f89e018368775a9181d99388\" style=\"color:#000435\"><strong>Partneri juaj i besuesh\u00ebm p\u00ebr problemet me \u00e7el\u00ebsat<\/strong><\/p>\n\n\n\n<p>Ndoshta nuk ka asgj\u00eb m\u00eb frustruese se t\u00eb gjendesh papritur t\u00eb bllokuar jasht\u00eb sht\u00ebpis\u00eb apo makin\u00ebs tuaj. Por mos u shqet\u00ebsoni, 089 Schl\u00fcsseldienst \u00ebsht\u00eb k\u00ebtu p\u00ebr t&#8217;ju ndihmuar n\u00eb k\u00ebto situata.<\/p>\n\n\n\n<p class=\"has-text-color has-link-color wp-elements-ab5f124276adb77b2230dafb67dac69c\" style=\"color:#000435\"><strong>Gama jon\u00eb e gjer\u00eb e sh\u00ebrbimeve p\u00ebr ju<\/strong><\/p>\n\n\n\n<ul class=\"wp-block-list\">\n<li>Hapja e dyerve t\u00eb sht\u00ebpis\u00eb dhe apartamenteve<\/li>\n\n\n\n<li>Sh\u00ebrbimi i emergjenc\u00ebs p\u00ebr hapjen 24\/7<\/li>\n\n\n\n<li>Hapja e kutive postare<\/li>\n\n\n\n<li>Rregullimi pas d\u00ebmit nga vjedhjet<\/li>\n\n\n\n<li>Hapja e makinave<\/li>\n\n\n\n<li>Hapja e der\u00ebs s\u00eb garazhit<\/li>\n\n\n\n<li>Hapja e kasave t\u00eb siguris\u00eb<\/li>\n\n\n\n<li>Hapja e dollap\u00ebve p\u00ebr dosje<\/li>\n<\/ul>\n\n\n\n<p class=\"has-text-color has-link-color wp-elements-36cd005e1dab735ee7c1280fcf45ac61\" style=\"color:#000435\"><strong>Pse duhet t\u00eb zgjidhni ne<\/strong><\/p>\n\n\n\n<ul class=\"wp-block-list\">\n<li>Jemi n\u00eb dispozicion 24 or\u00eb n\u00eb dit\u00eb, 365 dit\u00eb n\u00eb vit<\/li>\n\n\n\n<li>Sh\u00ebrbim i shpejt\u00eb, miq\u00ebsor dhe profesional<\/li>\n\n\n\n<li>Ne kuptojm\u00eb urgjenc\u00ebn tuaj dhe jemi menj\u00ebher\u00eb n\u00eb vendngjarje<\/li>\n\n\n\n<li>Sh\u00ebrbimet tona jan\u00eb t\u00eb cil\u00ebsis\u00eb m\u00eb t\u00eb lart\u00eb n\u00eb \u00e7mim t\u00eb fiksuar dhe t\u00eb drejt\u00eb<\/li>\n\n\n\n<li>K\u00ebnaq\u00ebsia e klientit \u00ebsht\u00eb prioriteti yn\u00eb kryesor<\/li>\n<\/ul>\n\n\n\n<p class=\"has-text-color has-link-color wp-elements-294fd598372b9eedfa97a1128e671ec3\" style=\"color:#000435\"><strong>Kur duhet t\u00eb na th\u00ebrrisni?<\/strong><\/p>\n\n\n\n<ul class=\"wp-block-list\">\n<li>N\u00ebse jeni t\u00eb bllokuar jasht\u00eb<\/li>\n\n\n\n<li>N\u00ebse keni humbur \u00e7el\u00ebsin tuaj<\/li>\n\n\n\n<li>N\u00ebse ju duhet t\u00eb z\u00ebvend\u00ebsoni nj\u00eb q\u00ebndrueshm\u00ebri t\u00eb d\u00ebmtuar ose cilind\u00ebr<\/li>\n\n\n\n<li>N\u00ebse ju nevojitet nj\u00eb cilind\u00ebr sigurie<\/li>\n\n\n\n<li>N\u00ebse ju duhet t\u00eb hapni nj\u00eb kaset\u00eb<\/li>\n<\/ul>\n\n\n\n<p>Ne jemi partneri juaj i besuesh\u00ebm p\u00ebr t\u00eb gjitha problemet me \u00e7el\u00ebsat. Na telefononi n\u00eb \u00e7do koh\u00eb, sepse 089 Schl\u00fcsseldienst \u00ebsht\u00eb n\u00eb dispozicion 24 or\u00eb n\u00eb dit\u00eb, 7 dit\u00eb n\u00eb jav\u00eb.<\/p>\n","protected":false},"excerpt":{"rendered":"<p>Mir\u00eb se vini te 089 Schl\u00fcsseldienst \u00e7mim fiks ,-\u20ac 55 \ud83d\udcde 089\/94391022 Partneri juaj i besuesh\u00ebm p\u00ebr problemet me \u00e7el\u00ebsat Ndoshta nuk ka asgj\u00eb m\u00eb frustruese se t\u00eb gjendesh papritur t\u00eb bllokuar jasht\u00eb sht\u00ebpis\u00eb apo makin\u00ebs tuaj. Por mos u shqet\u00ebsoni, 089 Schl\u00fcsseldienst \u00ebsht\u00eb k\u00ebtu p\u00ebr t&#8217;ju ndihmuar n\u00eb k\u00ebto situata. Gama jon\u00eb e gjer\u00eb [&hellip;]<\/p>\n","protected":false},"author":1,"featured_media":0,"parent":0,"menu_order":0,"comment_status":"closed","ping_status":"closed","template":"","meta":{"footnotes":""},"class_list":["post-5958","page","type-page","status-publish","hentry"],"yoast_head":"<!-- This site is optimized with the Yoast SEO plugin v27.2 - https:\/\/yoast.com\/product\/yoast-seo-wordpress\/ -->\n<title>089 Bravandreq\u00ebs Mynih \u00e7mim fiks ,-\u20ac 55 \ud83d\udcde 089\/94391022<\/title>\n<meta name=\"description\" content=\"Ndoshta nuk ka asgj\u00eb m\u00eb frustruese se t\u00eb gjendesh papritur t\u00eb bllokuar jasht\u00eb sht\u00ebpis\u00eb apo makin\u00ebs tuaj. Por mos u shqet\u00ebsoni, 089 Schl\u00fcsseldienst \u00ebsht\u00eb k\u00ebtu p\u00ebr t&#039;ju ndihmuar n\u00eb k\u00ebto situata.\" \/>\n<meta name=\"robots\" content=\"index, follow, max-snippet:-1, max-image-preview:large, max-video-preview:-1\" \/>\n<link rel=\"canonical\" href=\"https:\/\/www.089-schluesseldienst.com\/sq\/\" \/>\n<meta property=\"og:locale\" content=\"sq_AL\" \/>\n<meta property=\"og:type\" content=\"article\" \/>\n<meta property=\"og:title\" content=\"089 Bravandreq\u00ebs Mynih \u00e7mim fiks ,-\u20ac 55 \ud83d\udcde 089\/94391022\" \/>\n<meta property=\"og:description\" content=\"Ndoshta nuk ka asgj\u00eb m\u00eb frustruese se t\u00eb gjendesh papritur t\u00eb bllokuar jasht\u00eb sht\u00ebpis\u00eb apo makin\u00ebs tuaj. Por mos u shqet\u00ebsoni, 089 Schl\u00fcsseldienst \u00ebsht\u00eb k\u00ebtu p\u00ebr t&#039;ju ndihmuar n\u00eb k\u00ebto situata.\" \/>\n<meta property=\"og:url\" content=\"https:\/\/www.089-schluesseldienst.com\/sq\/\" \/>\n<meta property=\"og:site_name\" content=\"Schl\u00fcsseldienst M\u00fcnchen Festpreis 55,-\u20ac 089\/94391022\" \/>\n<meta property=\"article:publisher\" content=\"https:\/\/www.facebook.com\/pages\/089-Schl%c3%bcsseldienst\/380325572118404\" \/>\n<meta property=\"article:modified_time\" content=\"2024-04-26T17:42:18+00:00\" \/>\n<meta name=\"twitter:label1\" content=\"Est. reading time\" \/>\n\t<meta name=\"twitter:data1\" content=\"2 minutes\" \/>\n<script type=\"application\/ld+json\" class=\"yoast-schema-graph\">{\"@context\":\"https:\/\/schema.org\",\"@graph\":[{\"@type\":\"WebPage\",\"@id\":\"https:\/\/www.089-schluesseldienst.com\/sq\/\",\"url\":\"https:\/\/www.089-schluesseldienst.com\/sq\/\",\"name\":\"089 Bravandreq\u00ebs Mynih \u00e7mim fiks ,-\u20ac 55 \ud83d\udcde 089\/94391022\",\"isPartOf\":{\"@id\":\"https:\/\/www.089-schluesseldienst.com\/sq\/#website\"},\"datePublished\":\"2024-04-26T17:42:17+00:00\",\"dateModified\":\"2024-04-26T17:42:18+00:00\",\"description\":\"Ndoshta nuk ka asgj\u00eb m\u00eb frustruese se t\u00eb gjendesh papritur t\u00eb bllokuar jasht\u00eb sht\u00ebpis\u00eb apo makin\u00ebs tuaj. Por mos u shqet\u00ebsoni, 089 Schl\u00fcsseldienst \u00ebsht\u00eb k\u00ebtu p\u00ebr t'ju ndihmuar n\u00eb k\u00ebto situata.\",\"breadcrumb\":{\"@id\":\"https:\/\/www.089-schluesseldienst.com\/sq\/#breadcrumb\"},\"inLanguage\":\"sq-AL\",\"potentialAction\":[{\"@type\":\"ReadAction\",\"target\":[\"https:\/\/www.089-schluesseldienst.com\/sq\/\"]}]},{\"@type\":\"BreadcrumbList\",\"@id\":\"https:\/\/www.089-schluesseldienst.com\/sq\/#breadcrumb\",\"itemListElement\":[{\"@type\":\"ListItem\",\"position\":1,\"name\":\"Home\",\"item\":\"https:\/\/www.089-schluesseldienst.com\/sq\/089-bravandreqes-mynih\/\"},{\"@type\":\"ListItem\",\"position\":2,\"name\":\"089 Bravandreq\u00ebs Mynih\"}]},{\"@type\":\"WebSite\",\"@id\":\"https:\/\/www.089-schluesseldienst.com\/sq\/#website\",\"url\":\"https:\/\/www.089-schluesseldienst.com\/sq\/\",\"name\":\"Schl\u00fcsseldienst M\u00fcnchen Festpreis 55,-\u20ac 089\/94391022\",\"description\":\"55,-\u20ac keine Anfahrtskosten\",\"publisher\":{\"@id\":\"https:\/\/www.089-schluesseldienst.com\/sq\/#organization\"},\"potentialAction\":[{\"@type\":\"SearchAction\",\"target\":{\"@type\":\"EntryPoint\",\"urlTemplate\":\"https:\/\/www.089-schluesseldienst.com\/sq\/?s={search_term_string}\"},\"query-input\":{\"@type\":\"PropertyValueSpecification\",\"valueRequired\":true,\"valueName\":\"search_term_string\"}}],\"inLanguage\":\"sq-AL\"},{\"@type\":\"Organization\",\"@id\":\"https:\/\/www.089-schluesseldienst.com\/sq\/#organization\",\"name\":\"Schl\u00fcsseldienst M\u00fcnchen Festpreis 55,-\u20ac 089\/94391022\",\"url\":\"https:\/\/www.089-schluesseldienst.com\/sq\/\",\"logo\":{\"@type\":\"ImageObject\",\"inLanguage\":\"sq-AL\",\"@id\":\"https:\/\/www.089-schluesseldienst.com\/sq\/#\/schema\/logo\/image\/\",\"url\":\"https:\/\/www.089-schluesseldienst.com\/wp-content\/uploads\/2019\/11\/cropped-cropped-157436094679494883.png\",\"contentUrl\":\"https:\/\/www.089-schluesseldienst.com\/wp-content\/uploads\/2019\/11\/cropped-cropped-157436094679494883.png\",\"width\":89,\"height\":89,\"caption\":\"Schl\u00fcsseldienst M\u00fcnchen Festpreis 55,-\u20ac 089\/94391022\"},\"image\":{\"@id\":\"https:\/\/www.089-schluesseldienst.com\/sq\/#\/schema\/logo\/image\/\"},\"sameAs\":[\"https:\/\/www.facebook.com\/pages\/089-Schl\u00fcsseldienst\/380325572118404\",\"https:\/\/x.com\/089Schluessel\"]}]}<\/script>\n<!-- \/ Yoast SEO plugin. -->","yoast_head_json":{"title":"089 Bravandreq\u00ebs Mynih \u00e7mim fiks ,-\u20ac 55 \ud83d\udcde 089\/94391022","description":"Ndoshta nuk ka asgj\u00eb m\u00eb frustruese se t\u00eb gjendesh papritur t\u00eb bllokuar jasht\u00eb sht\u00ebpis\u00eb apo makin\u00ebs tuaj. Por mos u shqet\u00ebsoni, 089 Schl\u00fcsseldienst \u00ebsht\u00eb k\u00ebtu p\u00ebr t'ju ndihmuar n\u00eb k\u00ebto situata.","robots":{"index":"index","follow":"follow","max-snippet":"max-snippet:-1","max-image-preview":"max-image-preview:large","max-video-preview":"max-video-preview:-1"},"canonical":"https:\/\/www.089-schluesseldienst.com\/sq\/","og_locale":"sq_AL","og_type":"article","og_title":"089 Bravandreq\u00ebs Mynih \u00e7mim fiks ,-\u20ac 55 \ud83d\udcde 089\/94391022","og_description":"Ndoshta nuk ka asgj\u00eb m\u00eb frustruese se t\u00eb gjendesh papritur t\u00eb bllokuar jasht\u00eb sht\u00ebpis\u00eb apo makin\u00ebs tuaj. Por mos u shqet\u00ebsoni, 089 Schl\u00fcsseldienst \u00ebsht\u00eb k\u00ebtu p\u00ebr t'ju ndihmuar n\u00eb k\u00ebto situata.","og_url":"https:\/\/www.089-schluesseldienst.com\/sq\/","og_site_name":"Schl\u00fcsseldienst M\u00fcnchen Festpreis 55,-\u20ac 089\/94391022","article_publisher":"https:\/\/www.facebook.com\/pages\/089-Schl%c3%bcsseldienst\/380325572118404","article_modified_time":"2024-04-26T17:42:18+00:00","twitter_misc":{"Est. reading time":"2 minutes"},"schema":{"@context":"https:\/\/schema.org","@graph":[{"@type":"WebPage","@id":"https:\/\/www.089-schluesseldienst.com\/sq\/","url":"https:\/\/www.089-schluesseldienst.com\/sq\/","name":"089 Bravandreq\u00ebs Mynih \u00e7mim fiks ,-\u20ac 55 \ud83d\udcde 089\/94391022","isPartOf":{"@id":"https:\/\/www.089-schluesseldienst.com\/sq\/#website"},"datePublished":"2024-04-26T17:42:17+00:00","dateModified":"2024-04-26T17:42:18+00:00","description":"Ndoshta nuk ka asgj\u00eb m\u00eb frustruese se t\u00eb gjendesh papritur t\u00eb bllokuar jasht\u00eb sht\u00ebpis\u00eb apo makin\u00ebs tuaj. Por mos u shqet\u00ebsoni, 089 Schl\u00fcsseldienst \u00ebsht\u00eb k\u00ebtu p\u00ebr t'ju ndihmuar n\u00eb k\u00ebto situata.","breadcrumb":{"@id":"https:\/\/www.089-schluesseldienst.com\/sq\/#breadcrumb"},"inLanguage":"sq-AL","potentialAction":[{"@type":"ReadAction","target":["https:\/\/www.089-schluesseldienst.com\/sq\/"]}]},{"@type":"BreadcrumbList","@id":"https:\/\/www.089-schluesseldienst.com\/sq\/#breadcrumb","itemListElement":[{"@type":"ListItem","position":1,"name":"Home","item":"https:\/\/www.089-schluesseldienst.com\/sq\/089-bravandreqes-mynih\/"},{"@type":"ListItem","position":2,"name":"089 Bravandreq\u00ebs Mynih"}]},{"@type":"WebSite","@id":"https:\/\/www.089-schluesseldienst.com\/sq\/#website","url":"https:\/\/www.089-schluesseldienst.com\/sq\/","name":"Schl\u00fcsseldienst M\u00fcnchen Festpreis 55,-\u20ac 089\/94391022","description":"55,-\u20ac keine Anfahrtskosten","publisher":{"@id":"https:\/\/www.089-schluesseldienst.com\/sq\/#organization"},"potentialAction":[{"@type":"SearchAction","target":{"@type":"EntryPoint","urlTemplate":"https:\/\/www.089-schluesseldienst.com\/sq\/?s={search_term_string}"},"query-input":{"@type":"PropertyValueSpecification","valueRequired":true,"valueName":"search_term_string"}}],"inLanguage":"sq-AL"},{"@type":"Organization","@id":"https:\/\/www.089-schluesseldienst.com\/sq\/#organization","name":"Schl\u00fcsseldienst M\u00fcnchen Festpreis 55,-\u20ac 089\/94391022","url":"https:\/\/www.089-schluesseldienst.com\/sq\/","logo":{"@type":"ImageObject","inLanguage":"sq-AL","@id":"https:\/\/www.089-schluesseldienst.com\/sq\/#\/schema\/logo\/image\/","url":"https:\/\/www.089-schluesseldienst.com\/wp-content\/uploads\/2019\/11\/cropped-cropped-157436094679494883.png","contentUrl":"https:\/\/www.089-schluesseldienst.com\/wp-content\/uploads\/2019\/11\/cropped-cropped-157436094679494883.png","width":89,"height":89,"caption":"Schl\u00fcsseldienst M\u00fcnchen Festpreis 55,-\u20ac 089\/94391022"},"image":{"@id":"https:\/\/www.089-schluesseldienst.com\/sq\/#\/schema\/logo\/image\/"},"sameAs":["https:\/\/www.facebook.com\/pages\/089-Schl\u00fcsseldienst\/380325572118404","https:\/\/x.com\/089Schluessel"]}]}},"rttpg_featured_image_url":null,"rttpg_author":{"display_name":"admin","author_link":"https:\/\/www.089-schluesseldienst.com\/sq\/author\/admin\/"},"rttpg_comment":0,"rttpg_category":" <a href=\"https:\/\/www.089-schluesseldienst.com\/sq\/?taxonomy=translation_priority&#038;term=optional-sq\" rel=\"tag\">Optional<\/a>","rttpg_excerpt":"Mir\u00eb se vini te 089 Schl\u00fcsseldienst \u00e7mim fiks ,-\u20ac 55 \ud83d\udcde 089\/94391022 Partneri juaj i besuesh\u00ebm p\u00ebr problemet me \u00e7el\u00ebsat Ndoshta nuk ka asgj\u00eb m\u00eb frustruese se t\u00eb gjendesh papritur t\u00eb bllokuar jasht\u00eb sht\u00ebpis\u00eb apo makin\u00ebs tuaj. Por mos u shqet\u00ebsoni, 089 Schl\u00fcsseldienst \u00ebsht\u00eb k\u00ebtu p\u00ebr t&#8217;ju ndihmuar n\u00eb k\u00ebto situata. Gama jon\u00eb e gjer\u00eb&hellip;","_links":{"self":[{"href":"https:\/\/www.089-schluesseldienst.com\/sq\/wp-json\/wp\/v2\/pages\/5958","targetHints":{"allow":["GET"]}}],"collection":[{"href":"https:\/\/www.089-schluesseldienst.com\/sq\/wp-json\/wp\/v2\/pages"}],"about":[{"href":"https:\/\/www.089-schluesseldienst.com\/sq\/wp-json\/wp\/v2\/types\/page"}],"author":[{"embeddable":true,"href":"https:\/\/www.089-schluesseldienst.com\/sq\/wp-json\/wp\/v2\/users\/1"}],"replies":[{"embeddable":true,"href":"https:\/\/www.089-schluesseldienst.com\/sq\/wp-json\/wp\/v2\/comments?post=5958"}],"version-history":[{"count":1,"href":"https:\/\/www.089-schluesseldienst.com\/sq\/wp-json\/wp\/v2\/pages\/5958\/revisions"}],"predecessor-version":[{"id":5959,"href":"https:\/\/www.089-schluesseldienst.com\/sq\/wp-json\/wp\/v2\/pages\/5958\/revisions\/5959"}],"wp:attachment":[{"href":"https:\/\/www.089-schluesseldienst.com\/sq\/wp-json\/wp\/v2\/media?parent=5958"}],"curies":[{"name":"wp","href":"https:\/\/api.w.org\/{rel}","templated":true}]}}