{"id":4647,"date":"2019-10-06T09:01:16","date_gmt":"2019-10-06T09:01:16","guid":{"rendered":"http:\/\/www.089-schluesseldienst.com\/?page_id=4647"},"modified":"2024-04-24T09:58:41","modified_gmt":"2024-04-24T09:58:41","slug":"servizi-di-fabbro","status":"publish","type":"page","link":"https:\/\/www.089-schluesseldienst.com\/it\/","title":{"rendered":"Servizi di fabbro"},"content":{"rendered":"\n<h2 class=\"wp-block-heading has-text-color has-link-color wp-elements-c670e7843bfed6993eb58ba58b0f96f6\" style=\"color:#000435\"><em>Benvenuti da 089 Fabbro Monaco &#8211; Il vostro serramentista, il partner affidabile per i problemi delle chiavi<\/em> | Prezzo fisso 55,- \u20ac | \ud83d\udcde 089\/94391022<\/h2>\n\n\n<div class=\"wp-block-image\">\n<figure class=\"aligncenter size-full is-resized\"><img loading=\"lazy\" decoding=\"async\" width=\"768\" height=\"433\" src=\"https:\/\/www.089-schluesseldienst.com\/wp-content\/uploads\/2024\/04\/image.png\" alt=\"\" class=\"wp-image-5879\" style=\"width:589px;height:auto\" srcset=\"https:\/\/www.089-schluesseldienst.com\/wp-content\/uploads\/2024\/04\/image.png 768w, https:\/\/www.089-schluesseldienst.com\/wp-content\/uploads\/2024\/04\/image-347x196.png 347w\" sizes=\"auto, (max-width: 768px) 100vw, 768px\" \/><\/figure>\n<\/div>\n\n\n<p class=\"has-text-align-center\">Forse non c&#8217;\u00e8 niente di pi\u00f9 frustrante che trovarsi improvvisamente chiusi fuori casa o dall&#8217;auto. Ma non preoccupatevi, il serramentista 089 Schl\u00fcsseldienst \u00e8 qui per aiutarvi in queste situazioni.<\/p>\n\n\n\n<p class=\"has-text-align-center\">Ora vi trovate di fronte a un problema che pu\u00f2 essere risolto solo con il servizio di fabbro di <u>Monaco di Baviera.<\/u><\/p>\n\n\n\n<p class=\"has-text-align-center\"><span style=\"color: #000000;\">Vi garantiamo il prezzo fisso concordato, senza costi nascosti.<\/span><\/p>\n\n\n\n<p class=\"has-text-align-center has-text-color has-link-color wp-elements-50a17494cfe45206415b7cff66f67c6f\" style=\"color:#000435\"><span style=\"color: #000080;\"><strong>089 fabbro Kolb a Monaco di Baviera &#8211; 089 Kolb Schl\u00fcsseldienst Prezzi per l&#8217;apertura delle porte<\/strong><\/span><\/p>\n\n\n\n<p class=\"has-text-align-center\">\n<table id=\"tablepress-1\" class=\"tablepress tablepress-id-1\">\n<thead>\n<tr class=\"row-1\">\n\t<th class=\"column-1\">Wochentag<\/th><th class=\"column-2\">Uhrzeit<\/th><th class=\"column-3\">  Preis<\/th><th class=\"column-4\">Schl\u00fcsseldienst M\u00fcnchen  Dienstleistungen<\/th>\n<\/tr>\n<\/thead>\n<tbody class=\"row-striping row-hover\">\n<tr class=\"row-2\">\n\t<td class=\"column-1\">Mo - Fr:<br \/>\n<\/td><td class=\"column-2\">08:00 - 17:00 <br \/>\n<\/td><td class=\"column-3\">55,-\u20ac<br \/>\n<\/td><td class=\"column-4\">T\u00fcr\u00f6ffnung<\/td>\n<\/tr>\n<tr class=\"row-3\">\n\t<td class=\"column-1\"><\/td><td class=\"column-2\">17:00 - 22:00 <br \/>\n<\/td><td class=\"column-3\">85,-\u20ac<br \/>\n<\/td><td class=\"column-4\">T\u00fcr\u00f6ffnung<\/td>\n<\/tr>\n<tr class=\"row-4\">\n\t<td class=\"column-1\"><\/td><td class=\"column-2\">22:00 - 08:00 <br \/>\n<\/td><td class=\"column-3\">98,-\u20ac<br \/>\n<\/td><td class=\"column-4\">T\u00fcr\u00f6ffnung<\/td>\n<\/tr>\n<tr class=\"row-5\">\n\t<td class=\"column-1\">Sa:<br \/>\n<\/td><td class=\"column-2\">08:00 - 22:00 <br \/>\n<\/td><td class=\"column-3\">85,-\u20ac<br \/>\n<\/td><td class=\"column-4\">T\u00fcr\u00f6ffnung<\/td>\n<\/tr>\n<tr class=\"row-6\">\n\t<td class=\"column-1\"><\/td><td class=\"column-2\">22:00 - 08:00 <br \/>\n<\/td><td class=\"column-3\">98,-\u20ac<\/td><td class=\"column-4\">T\u00fcr\u00f6ffnung<\/td>\n<\/tr>\n<tr class=\"row-7\">\n\t<td class=\"column-1\">So:<br \/>\n<\/td><td class=\"column-2\">08:00 - 24:00 <br \/>\n<\/td><td class=\"column-3\">98,-\u20ac<br \/>\n<\/td><td class=\"column-4\">T\u00fcr\u00f6ffnung<\/td>\n<\/tr>\n<\/tbody>\n<tfoot>\n<tr class=\"row-8\">\n\t<th class=\"column-1\">Feiertag: <br \/>\n<\/th><th class=\"column-2\">08:00 - 24:00 <br \/>\n<\/th><th class=\"column-3\">98,-\u20ac<br \/>\n<\/th><th class=\"column-4\">T\u00fcr\u00f6ffnung<\/th>\n<\/tr>\n<\/tfoot>\n<\/table>\n<\/p>\n\n\n\n<p class=\"has-text-align-center\"><strong><span style=\"color: #000080;\">Per porte chiuse standard<\/span><\/strong><\/p>\n\n\n\n<p class=\"has-medium-font-size\"><em><strong>La nostra ampia gamma di servizi per voi<\/strong><\/em><\/p>\n\n\n\n<ul class=\"wp-block-list\">\n<li>Apertura di porte di casa e appartamento<\/li>\n\n\n\n<li>Servizio di emergenza 24\/7 per sblocco serrature<\/li>\n\n\n\n<li>Apertura caselle postali<\/li>\n\n\n\n<li>Riparazione danni da effrazione<\/li>\n\n\n\n<li>Sblocco auto<\/li>\n\n\n\n<li>Apertura porte garage<\/li>\n\n\n\n<li>Apertura casseforti<\/li>\n\n\n\n<li>Apertura armadietti<\/li>\n<\/ul>\n\n\n\n<p class=\"has-medium-font-size\"><strong>Perch\u00e9 dovreste sceglierci<\/strong><\/p>\n\n\n\n<ul class=\"wp-block-list\"><\/ul>\n\n\n\n<ul class=\"wp-block-list\">\n<li>Siamo disponibili 24 ore su 24, 365 giorni all&#8217;anno<\/li>\n\n\n\n<li>Servizio rapido, cordiale e professionale<\/li>\n\n\n\n<li>Comprendiamo la vostra urgenza e interveniamo immediatamente<\/li>\n\n\n\n<li>I nostri servizi sono di alta qualit\u00e0 a prezzi fissi e equi<\/li>\n\n\n\n<li>La soddisfazione del cliente \u00e8 la nostra priorit\u00e0<\/li>\n<\/ul>\n\n\n\n<p class=\"has-medium-font-size\"><strong>Quando dovreste chiamarci?<\/strong><\/p>\n\n\n\n<ul class=\"wp-block-list\">\n<li>Se siete chiusi fuori<\/li>\n\n\n\n<li>Se avete perso la vostra chiave<\/li>\n\n\n\n<li>Se dovete sostituire una serratura o un cilindro difettoso<\/li>\n\n\n\n<li>Se avete bisogno di un cilindro di sicurezza<\/li>\n\n\n\n<li>Se dovete aprire una cassaforte<\/li>\n<\/ul>\n\n\n\n<p class=\"has-text-align-center\"><em><strong>Siamo il vostro partner affidabile per tutti i problemi delle chiavi. Chiamateci in qualsiasi momento, perch\u00e9 il servizio chiavi 089 Schl\u00fcsseldienst \u00e8 disponibile 24 ore su 24, 7 giorni su 7.<\/strong><\/em><\/p>\n","protected":false},"excerpt":{"rendered":"<p>Benvenuti da 089 Fabbro Monaco &#8211; Il vostro serramentista, il partner affidabile per i problemi delle chiavi | Prezzo fisso 55,- \u20ac | \ud83d\udcde 089\/94391022 Forse non c&#8217;\u00e8 niente di pi\u00f9 frustrante che trovarsi improvvisamente chiusi fuori casa o dall&#8217;auto. Ma non preoccupatevi, il serramentista 089 Schl\u00fcsseldienst \u00e8 qui per aiutarvi in queste situazioni. Ora [&hellip;]<\/p>\n","protected":false},"author":1,"featured_media":0,"parent":0,"menu_order":0,"comment_status":"closed","ping_status":"closed","template":"","meta":{"footnotes":""},"class_list":["post-4647","page","type-page","status-publish","hentry"],"yoast_head":"<!-- This site is optimized with the Yoast SEO plugin v27.2 - https:\/\/yoast.com\/product\/yoast-seo-wordpress\/ -->\n<title>089 Fabbro Monaco | Prezzo fisso 55,- \u20ac | \ud83d\udcde 089\/94391022<\/title>\n<meta name=\"description\" content=\"Servizi di fabbro - Il vostro fabbro a Monaco di Baviera a partire da 55,- \u20ac - tutto compreso! 089\/94391022\" \/>\n<meta name=\"robots\" content=\"index, follow, max-snippet:-1, max-image-preview:large, max-video-preview:-1\" \/>\n<link rel=\"canonical\" href=\"https:\/\/www.089-schluesseldienst.com\/it\/\" \/>\n<meta property=\"og:locale\" content=\"it_IT\" \/>\n<meta property=\"og:type\" content=\"article\" \/>\n<meta property=\"og:title\" content=\"089 Fabbro Monaco | Prezzo fisso 55,- \u20ac | \ud83d\udcde 089\/94391022\" \/>\n<meta property=\"og:description\" content=\"Servizi di fabbro - Il vostro fabbro a Monaco di Baviera a partire da 55,- \u20ac - tutto compreso! 089\/94391022\" \/>\n<meta property=\"og:url\" content=\"https:\/\/www.089-schluesseldienst.com\/it\/\" \/>\n<meta property=\"og:site_name\" content=\"Schl\u00fcsseldienst M\u00fcnchen Festpreis 55,-\u20ac 089\/94391022\" \/>\n<meta property=\"article:publisher\" content=\"https:\/\/www.facebook.com\/pages\/089-Schl%c3%bcsseldienst\/380325572118404\" \/>\n<meta property=\"article:modified_time\" content=\"2024-04-24T09:58:41+00:00\" \/>\n<meta property=\"og:image\" content=\"https:\/\/www.089-schluesseldienst.com\/wp-content\/uploads\/2024\/04\/image.png\" \/>\n<meta name=\"twitter:label1\" content=\"Tempo di lettura stimato\" \/>\n\t<meta name=\"twitter:data1\" content=\"2 minuti\" \/>\n<script type=\"application\/ld+json\" class=\"yoast-schema-graph\">{\"@context\":\"https:\/\/schema.org\",\"@graph\":[{\"@type\":\"WebPage\",\"@id\":\"https:\/\/www.089-schluesseldienst.com\/it\/\",\"url\":\"https:\/\/www.089-schluesseldienst.com\/it\/\",\"name\":\"089 Fabbro Monaco | Prezzo fisso 55,- \u20ac | \ud83d\udcde 089\/94391022\",\"isPartOf\":{\"@id\":\"https:\/\/www.089-schluesseldienst.com\/it\/#website\"},\"primaryImageOfPage\":{\"@id\":\"https:\/\/www.089-schluesseldienst.com\/it\/#primaryimage\"},\"image\":{\"@id\":\"https:\/\/www.089-schluesseldienst.com\/it\/#primaryimage\"},\"thumbnailUrl\":\"https:\/\/www.089-schluesseldienst.com\/wp-content\/uploads\/2024\/04\/image.png\",\"datePublished\":\"2019-10-06T09:01:16+00:00\",\"dateModified\":\"2024-04-24T09:58:41+00:00\",\"description\":\"Servizi di fabbro - Il vostro fabbro a Monaco di Baviera a partire da 55,- \u20ac - tutto compreso! 089\/94391022\",\"breadcrumb\":{\"@id\":\"https:\/\/www.089-schluesseldienst.com\/it\/#breadcrumb\"},\"inLanguage\":\"it-IT\",\"potentialAction\":[{\"@type\":\"ReadAction\",\"target\":[\"https:\/\/www.089-schluesseldienst.com\/it\/\"]}]},{\"@type\":\"ImageObject\",\"inLanguage\":\"it-IT\",\"@id\":\"https:\/\/www.089-schluesseldienst.com\/it\/#primaryimage\",\"url\":\"https:\/\/www.089-schluesseldienst.com\/wp-content\/uploads\/2024\/04\/image.png\",\"contentUrl\":\"https:\/\/www.089-schluesseldienst.com\/wp-content\/uploads\/2024\/04\/image.png\"},{\"@type\":\"BreadcrumbList\",\"@id\":\"https:\/\/www.089-schluesseldienst.com\/it\/#breadcrumb\",\"itemListElement\":[{\"@type\":\"ListItem\",\"position\":1,\"name\":\"Home\",\"item\":\"https:\/\/www.089-schluesseldienst.com\/it\/\"},{\"@type\":\"ListItem\",\"position\":2,\"name\":\"Servizi di fabbro\"}]},{\"@type\":\"WebSite\",\"@id\":\"https:\/\/www.089-schluesseldienst.com\/it\/#website\",\"url\":\"https:\/\/www.089-schluesseldienst.com\/it\/\",\"name\":\"Schl\u00fcsseldienst M\u00fcnchen Festpreis 55,-\u20ac 089\/94391022\",\"description\":\"55,-\u20ac keine Anfahrtskosten\",\"publisher\":{\"@id\":\"https:\/\/www.089-schluesseldienst.com\/it\/#organization\"},\"potentialAction\":[{\"@type\":\"SearchAction\",\"target\":{\"@type\":\"EntryPoint\",\"urlTemplate\":\"https:\/\/www.089-schluesseldienst.com\/it\/?s={search_term_string}\"},\"query-input\":{\"@type\":\"PropertyValueSpecification\",\"valueRequired\":true,\"valueName\":\"search_term_string\"}}],\"inLanguage\":\"it-IT\"},{\"@type\":\"Organization\",\"@id\":\"https:\/\/www.089-schluesseldienst.com\/it\/#organization\",\"name\":\"Schl\u00fcsseldienst M\u00fcnchen Festpreis 55,-\u20ac 089\/94391022\",\"url\":\"https:\/\/www.089-schluesseldienst.com\/it\/\",\"logo\":{\"@type\":\"ImageObject\",\"inLanguage\":\"it-IT\",\"@id\":\"https:\/\/www.089-schluesseldienst.com\/it\/#\/schema\/logo\/image\/\",\"url\":\"https:\/\/www.089-schluesseldienst.com\/wp-content\/uploads\/2019\/11\/cropped-cropped-157436094679494883.png\",\"contentUrl\":\"https:\/\/www.089-schluesseldienst.com\/wp-content\/uploads\/2019\/11\/cropped-cropped-157436094679494883.png\",\"width\":89,\"height\":89,\"caption\":\"Schl\u00fcsseldienst M\u00fcnchen Festpreis 55,-\u20ac 089\/94391022\"},\"image\":{\"@id\":\"https:\/\/www.089-schluesseldienst.com\/it\/#\/schema\/logo\/image\/\"},\"sameAs\":[\"https:\/\/www.facebook.com\/pages\/089-Schl\u00fcsseldienst\/380325572118404\",\"https:\/\/x.com\/089Schluessel\"]}]}<\/script>\n<!-- \/ Yoast SEO plugin. -->","yoast_head_json":{"title":"089 Fabbro Monaco | Prezzo fisso 55,- \u20ac | \ud83d\udcde 089\/94391022","description":"Servizi di fabbro - Il vostro fabbro a Monaco di Baviera a partire da 55,- \u20ac - tutto compreso! 089\/94391022","robots":{"index":"index","follow":"follow","max-snippet":"max-snippet:-1","max-image-preview":"max-image-preview:large","max-video-preview":"max-video-preview:-1"},"canonical":"https:\/\/www.089-schluesseldienst.com\/it\/","og_locale":"it_IT","og_type":"article","og_title":"089 Fabbro Monaco | Prezzo fisso 55,- \u20ac | \ud83d\udcde 089\/94391022","og_description":"Servizi di fabbro - Il vostro fabbro a Monaco di Baviera a partire da 55,- \u20ac - tutto compreso! 089\/94391022","og_url":"https:\/\/www.089-schluesseldienst.com\/it\/","og_site_name":"Schl\u00fcsseldienst M\u00fcnchen Festpreis 55,-\u20ac 089\/94391022","article_publisher":"https:\/\/www.facebook.com\/pages\/089-Schl%c3%bcsseldienst\/380325572118404","article_modified_time":"2024-04-24T09:58:41+00:00","og_image":[{"url":"https:\/\/www.089-schluesseldienst.com\/wp-content\/uploads\/2024\/04\/image.png","type":"","width":"","height":""}],"twitter_misc":{"Tempo di lettura stimato":"2 minuti"},"schema":{"@context":"https:\/\/schema.org","@graph":[{"@type":"WebPage","@id":"https:\/\/www.089-schluesseldienst.com\/it\/","url":"https:\/\/www.089-schluesseldienst.com\/it\/","name":"089 Fabbro Monaco | Prezzo fisso 55,- \u20ac | \ud83d\udcde 089\/94391022","isPartOf":{"@id":"https:\/\/www.089-schluesseldienst.com\/it\/#website"},"primaryImageOfPage":{"@id":"https:\/\/www.089-schluesseldienst.com\/it\/#primaryimage"},"image":{"@id":"https:\/\/www.089-schluesseldienst.com\/it\/#primaryimage"},"thumbnailUrl":"https:\/\/www.089-schluesseldienst.com\/wp-content\/uploads\/2024\/04\/image.png","datePublished":"2019-10-06T09:01:16+00:00","dateModified":"2024-04-24T09:58:41+00:00","description":"Servizi di fabbro - Il vostro fabbro a Monaco di Baviera a partire da 55,- \u20ac - tutto compreso! 089\/94391022","breadcrumb":{"@id":"https:\/\/www.089-schluesseldienst.com\/it\/#breadcrumb"},"inLanguage":"it-IT","potentialAction":[{"@type":"ReadAction","target":["https:\/\/www.089-schluesseldienst.com\/it\/"]}]},{"@type":"ImageObject","inLanguage":"it-IT","@id":"https:\/\/www.089-schluesseldienst.com\/it\/#primaryimage","url":"https:\/\/www.089-schluesseldienst.com\/wp-content\/uploads\/2024\/04\/image.png","contentUrl":"https:\/\/www.089-schluesseldienst.com\/wp-content\/uploads\/2024\/04\/image.png"},{"@type":"BreadcrumbList","@id":"https:\/\/www.089-schluesseldienst.com\/it\/#breadcrumb","itemListElement":[{"@type":"ListItem","position":1,"name":"Home","item":"https:\/\/www.089-schluesseldienst.com\/it\/"},{"@type":"ListItem","position":2,"name":"Servizi di fabbro"}]},{"@type":"WebSite","@id":"https:\/\/www.089-schluesseldienst.com\/it\/#website","url":"https:\/\/www.089-schluesseldienst.com\/it\/","name":"Schl\u00fcsseldienst M\u00fcnchen Festpreis 55,-\u20ac 089\/94391022","description":"55,-\u20ac keine Anfahrtskosten","publisher":{"@id":"https:\/\/www.089-schluesseldienst.com\/it\/#organization"},"potentialAction":[{"@type":"SearchAction","target":{"@type":"EntryPoint","urlTemplate":"https:\/\/www.089-schluesseldienst.com\/it\/?s={search_term_string}"},"query-input":{"@type":"PropertyValueSpecification","valueRequired":true,"valueName":"search_term_string"}}],"inLanguage":"it-IT"},{"@type":"Organization","@id":"https:\/\/www.089-schluesseldienst.com\/it\/#organization","name":"Schl\u00fcsseldienst M\u00fcnchen Festpreis 55,-\u20ac 089\/94391022","url":"https:\/\/www.089-schluesseldienst.com\/it\/","logo":{"@type":"ImageObject","inLanguage":"it-IT","@id":"https:\/\/www.089-schluesseldienst.com\/it\/#\/schema\/logo\/image\/","url":"https:\/\/www.089-schluesseldienst.com\/wp-content\/uploads\/2019\/11\/cropped-cropped-157436094679494883.png","contentUrl":"https:\/\/www.089-schluesseldienst.com\/wp-content\/uploads\/2019\/11\/cropped-cropped-157436094679494883.png","width":89,"height":89,"caption":"Schl\u00fcsseldienst M\u00fcnchen Festpreis 55,-\u20ac 089\/94391022"},"image":{"@id":"https:\/\/www.089-schluesseldienst.com\/it\/#\/schema\/logo\/image\/"},"sameAs":["https:\/\/www.facebook.com\/pages\/089-Schl\u00fcsseldienst\/380325572118404","https:\/\/x.com\/089Schluessel"]}]}},"rttpg_featured_image_url":null,"rttpg_author":{"display_name":"admin","author_link":"https:\/\/www.089-schluesseldienst.com\/it\/author\/admin\/"},"rttpg_comment":0,"rttpg_category":" <a href=\"https:\/\/www.089-schluesseldienst.com\/it\/?taxonomy=translation_priority&#038;term=opzionale\" rel=\"tag\">Opzionale<\/a>","rttpg_excerpt":"Benvenuti da 089 Fabbro Monaco &#8211; Il vostro serramentista, il partner affidabile per i problemi delle chiavi | Prezzo fisso 55,- \u20ac | \ud83d\udcde 089\/94391022 Forse non c&#8217;\u00e8 niente di pi\u00f9 frustrante che trovarsi improvvisamente chiusi fuori casa o dall&#8217;auto. Ma non preoccupatevi, il serramentista 089 Schl\u00fcsseldienst \u00e8 qui per aiutarvi in queste situazioni. Ora&hellip;","_links":{"self":[{"href":"https:\/\/www.089-schluesseldienst.com\/it\/wp-json\/wp\/v2\/pages\/4647","targetHints":{"allow":["GET"]}}],"collection":[{"href":"https:\/\/www.089-schluesseldienst.com\/it\/wp-json\/wp\/v2\/pages"}],"about":[{"href":"https:\/\/www.089-schluesseldienst.com\/it\/wp-json\/wp\/v2\/types\/page"}],"author":[{"embeddable":true,"href":"https:\/\/www.089-schluesseldienst.com\/it\/wp-json\/wp\/v2\/users\/1"}],"replies":[{"embeddable":true,"href":"https:\/\/www.089-schluesseldienst.com\/it\/wp-json\/wp\/v2\/comments?post=4647"}],"version-history":[{"count":5,"href":"https:\/\/www.089-schluesseldienst.com\/it\/wp-json\/wp\/v2\/pages\/4647\/revisions"}],"predecessor-version":[{"id":5889,"href":"https:\/\/www.089-schluesseldienst.com\/it\/wp-json\/wp\/v2\/pages\/4647\/revisions\/5889"}],"wp:attachment":[{"href":"https:\/\/www.089-schluesseldienst.com\/it\/wp-json\/wp\/v2\/media?parent=4647"}],"curies":[{"name":"wp","href":"https:\/\/api.w.org\/{rel}","templated":true}]}}