{"id":4644,"date":"2019-10-06T08:48:31","date_gmt":"2019-10-06T08:48:31","guid":{"rendered":"http:\/\/www.089-schluesseldienst.com\/?page_id=4644"},"modified":"2024-04-24T09:50:21","modified_gmt":"2024-04-24T09:50:21","slug":"services-de-serrurier","status":"publish","type":"page","link":"https:\/\/www.089-schluesseldienst.com\/fr\/","title":{"rendered":"Services de Serrurier"},"content":{"rendered":"\n<h3 class=\"wp-block-heading has-text-align-center\"><span class=\"ez-toc-section\" id=\"Bienvenue_chez_089_Schlusseldienst_%E2%80%93_Votre_serrurier_partenaire_fiable_pour_les_problemes_de_cles_%F0%9F%93%9E_08994391022\"><\/span><span style=\"color: #003366;\">Bienvenue chez 089 Schl\u00fcsseldienst &#8211; Votre serrurier, partenaire fiable pour les probl\u00e8mes de cl\u00e9s \ud83d\udcde 089\/94391022<\/span><span class=\"ez-toc-section-end\"><\/span><\/h3><div id=\"ez-toc-container\" class=\"ez-toc-v2_0_82 counter-hierarchy ez-toc-counter ez-toc-grey ez-toc-container-direction\">\n<div class=\"ez-toc-title-container\">\n<p class=\"ez-toc-title\" style=\"cursor:inherit\">Inhaltsverzeichnis<\/p>\n<span class=\"ez-toc-title-toggle\"><a href=\"#\" class=\"ez-toc-pull-right ez-toc-btn ez-toc-btn-xs ez-toc-btn-default ez-toc-toggle\" aria-label=\"Toggle Table of Content\"><span class=\"ez-toc-js-icon-con\"><span class=\"\"><span class=\"eztoc-hide\" style=\"display:none;\">Toggle<\/span><span class=\"ez-toc-icon-toggle-span\"><svg style=\"fill: #999;color:#999\" xmlns=\"http:\/\/www.w3.org\/2000\/svg\" class=\"list-377408\" width=\"20px\" height=\"20px\" viewBox=\"0 0 24 24\" fill=\"none\"><path d=\"M6 6H4v2h2V6zm14 0H8v2h12V6zM4 11h2v2H4v-2zm16 0H8v2h12v-2zM4 16h2v2H4v-2zm16 0H8v2h12v-2z\" fill=\"currentColor\"><\/path><\/svg><svg style=\"fill: #999;color:#999\" class=\"arrow-unsorted-368013\" xmlns=\"http:\/\/www.w3.org\/2000\/svg\" width=\"10px\" height=\"10px\" viewBox=\"0 0 24 24\" version=\"1.2\" baseProfile=\"tiny\"><path d=\"M18.2 9.3l-6.2-6.3-6.2 6.3c-.2.2-.3.4-.3.7s.1.5.3.7c.2.2.4.3.7.3h11c.3 0 .5-.1.7-.3.2-.2.3-.5.3-.7s-.1-.5-.3-.7zM5.8 14.7l6.2 6.3 6.2-6.3c.2-.2.3-.5.3-.7s-.1-.5-.3-.7c-.2-.2-.4-.3-.7-.3h-11c-.3 0-.5.1-.7.3-.2.2-.3.5-.3.7s.1.5.3.7z\"\/><\/svg><\/span><\/span><\/span><\/a><\/span><\/div>\n<nav><ul class='ez-toc-list ez-toc-list-level-1 ' ><li class='ez-toc-page-1 ez-toc-heading-level-3'><a class=\"ez-toc-link ez-toc-heading-1\" href=\"https:\/\/www.089-schluesseldienst.com\/fr\/#Bienvenue_chez_089_Schlusseldienst_%E2%80%93_Votre_serrurier_partenaire_fiable_pour_les_problemes_de_cles_%F0%9F%93%9E_08994391022\" >Bienvenue chez 089 Schl\u00fcsseldienst &#8211; Votre serrurier, partenaire fiable pour les probl\u00e8mes de cl\u00e9s \ud83d\udcde 089\/94391022<\/a><\/li><li class='ez-toc-page-1 ez-toc-heading-level-3'><a class=\"ez-toc-link ez-toc-heading-2\" href=\"https:\/\/www.089-schluesseldienst.com\/fr\/#Notre_large_gamme_de_services_pour_vous\" >Notre large gamme de services pour vous<\/a><\/li><li class='ez-toc-page-1 ez-toc-heading-level-3'><a class=\"ez-toc-link ez-toc-heading-3\" href=\"https:\/\/www.089-schluesseldienst.com\/fr\/#Pourquoi_vous_devriez_nous_choisir\" >Pourquoi vous devriez nous choisir<\/a><\/li><li class='ez-toc-page-1 ez-toc-heading-level-3'><a class=\"ez-toc-link ez-toc-heading-4\" href=\"https:\/\/www.089-schluesseldienst.com\/fr\/#Quand_devriez-vous_nous_appeler\" >Quand devriez-vous nous appeler?<\/a><\/li><\/ul><\/nav><\/div>\n\n\n\n\n<h1 class=\"wp-block-heading\"><img loading=\"lazy\" decoding=\"async\" class=\"aligncenter wp-image-4645 \" src=\"https:\/\/www.089-schluesseldienst.com\/wp-content\/uploads\/2019\/01\/rsz_1rsz_131.jpg\" alt=\"089 Kolb Schl\u00fcsseldienst M\u00fcnchen zum Festpreis\" width=\"570\" height=\"334\" srcset=\"https:\/\/www.089-schluesseldienst.com\/wp-content\/uploads\/2019\/01\/rsz_1rsz_131.jpg 2900w, https:\/\/www.089-schluesseldienst.com\/wp-content\/uploads\/2019\/01\/rsz_1rsz_131-347x203.jpg 347w, https:\/\/www.089-schluesseldienst.com\/wp-content\/uploads\/2019\/01\/rsz_1rsz_131-768x450.jpg 768w, https:\/\/www.089-schluesseldienst.com\/wp-content\/uploads\/2019\/01\/rsz_1rsz_131-1024x600.jpg 1024w, https:\/\/www.089-schluesseldienst.com\/wp-content\/uploads\/2019\/01\/rsz_1rsz_131-320x188.jpg 320w, https:\/\/www.089-schluesseldienst.com\/wp-content\/uploads\/2019\/01\/rsz_1rsz_131-640x375.jpg 640w, https:\/\/www.089-schluesseldienst.com\/wp-content\/uploads\/2019\/01\/rsz_1rsz_131-360x211.jpg 360w, https:\/\/www.089-schluesseldienst.com\/wp-content\/uploads\/2019\/01\/rsz_1rsz_131-720x422.jpg 720w, https:\/\/www.089-schluesseldienst.com\/wp-content\/uploads\/2019\/01\/rsz_1rsz_131-1080x633.jpg 1080w, https:\/\/www.089-schluesseldienst.com\/wp-content\/uploads\/2019\/01\/rsz_1rsz_131-800x469.jpg 800w, https:\/\/www.089-schluesseldienst.com\/wp-content\/uploads\/2019\/01\/rsz_1rsz_131-1280x750.jpg 1280w\" sizes=\"auto, (max-width: 570px) 100vw, 570px\" \/><\/h1>\n\n\n\n<p class=\"has-text-align-center\">Rien n&rsquo;est peut-\u00eatre plus frustrant que de se retrouver soudainement enferm\u00e9 hors de chez soi ou de sa voiture. Mais ne vous inqui\u00e9tez pas, le serrurier 089 Schl\u00fcsseldienst est l\u00e0 pour vous aider dans de telles situations.<\/p>\n\n\n\n<p class=\"has-text-align-center\">Pour l\u2019instant, vous \u00eates sans doute devant un probl\u00e8me qui peut \u00eatre r\u00e9solu uniquement par le service de serrurier Schl\u00fcsseldienst <a href=\"https:\/\/www.muenchen.de\/\">M\u00fcnchen<\/a>.<\/p>\n\n\n\n<p class=\"has-text-align-center\"><strong><span style=\"color: #000080;\">Nous vous garantissons le prix fixe convenu, sans frais cach\u00e9s.<\/span><\/strong><\/p>\n\n\n\n<p class=\"has-text-align-center\">\n<table id=\"tablepress-1\" class=\"tablepress tablepress-id-1\">\n<thead>\n<tr class=\"row-1\">\n\t<th class=\"column-1\">Wochentag<\/th><th class=\"column-2\">Uhrzeit<\/th><th class=\"column-3\">  Preis<\/th><th class=\"column-4\">Schl\u00fcsseldienst M\u00fcnchen  Dienstleistungen<\/th>\n<\/tr>\n<\/thead>\n<tbody class=\"row-striping row-hover\">\n<tr class=\"row-2\">\n\t<td class=\"column-1\">Mo - Fr:<br \/>\n<\/td><td class=\"column-2\">08:00 - 17:00 <br \/>\n<\/td><td class=\"column-3\">55,-\u20ac<br \/>\n<\/td><td class=\"column-4\">T\u00fcr\u00f6ffnung<\/td>\n<\/tr>\n<tr class=\"row-3\">\n\t<td class=\"column-1\"><\/td><td class=\"column-2\">17:00 - 22:00 <br \/>\n<\/td><td class=\"column-3\">85,-\u20ac<br \/>\n<\/td><td class=\"column-4\">T\u00fcr\u00f6ffnung<\/td>\n<\/tr>\n<tr class=\"row-4\">\n\t<td class=\"column-1\"><\/td><td class=\"column-2\">22:00 - 08:00 <br \/>\n<\/td><td class=\"column-3\">98,-\u20ac<br \/>\n<\/td><td class=\"column-4\">T\u00fcr\u00f6ffnung<\/td>\n<\/tr>\n<tr class=\"row-5\">\n\t<td class=\"column-1\">Sa:<br \/>\n<\/td><td class=\"column-2\">08:00 - 22:00 <br \/>\n<\/td><td class=\"column-3\">85,-\u20ac<br \/>\n<\/td><td class=\"column-4\">T\u00fcr\u00f6ffnung<\/td>\n<\/tr>\n<tr class=\"row-6\">\n\t<td class=\"column-1\"><\/td><td class=\"column-2\">22:00 - 08:00 <br \/>\n<\/td><td class=\"column-3\">98,-\u20ac<\/td><td class=\"column-4\">T\u00fcr\u00f6ffnung<\/td>\n<\/tr>\n<tr class=\"row-7\">\n\t<td class=\"column-1\">So:<br \/>\n<\/td><td class=\"column-2\">08:00 - 24:00 <br \/>\n<\/td><td class=\"column-3\">98,-\u20ac<br \/>\n<\/td><td class=\"column-4\">T\u00fcr\u00f6ffnung<\/td>\n<\/tr>\n<\/tbody>\n<tfoot>\n<tr class=\"row-8\">\n\t<th class=\"column-1\">Feiertag: <br \/>\n<\/th><th class=\"column-2\">08:00 - 24:00 <br \/>\n<\/th><th class=\"column-3\">98,-\u20ac<br \/>\n<\/th><th class=\"column-4\">T\u00fcr\u00f6ffnung<\/th>\n<\/tr>\n<\/tfoot>\n<\/table>\n<\/p>\n\n\n\n<p class=\"has-text-align-center\"><strong><span lang=\"FR\" style=\"color: navy; background: #FBFBFB;\">Pour les services standards en cas de portes claqu\u00e9es<\/span><\/strong><\/p>\n\n\n\n<h3 class=\"wp-block-heading has-text-align-center\"><span class=\"ez-toc-section\" id=\"Notre_large_gamme_de_services_pour_vous\"><\/span><span style=\"color: #003366;\"><strong>Notre large gamme de services pour vous<\/strong><\/span><span class=\"ez-toc-section-end\"><\/span><\/h3>\n\n\n\n<p class=\"has-text-align-center\">&#8211; Ouverture de portes de maison et d&rsquo;appartement<br>&#8211; Service d&rsquo;urgence 24\/7 pour d\u00e9pannage de serrures<br>&#8211; Ouverture de bo\u00eetes aux lettres<br>&#8211; R\u00e9paration apr\u00e8s effraction<br>&#8211; D\u00e9verrouillage de voiture<br>&#8211; Ouverture de porte de garage<br>&#8211; Ouverture de coffre-fort<br>&#8211; Ouverture de classeurs<\/p>\n\n\n\n<h3 class=\"wp-block-heading has-text-align-center\"><span class=\"ez-toc-section\" id=\"Pourquoi_vous_devriez_nous_choisir\"><\/span><span style=\"color: #003366;\">Pourquoi vous devriez nous choisir<\/span><span class=\"ez-toc-section-end\"><\/span><\/h3>\n\n\n\n<p class=\"has-text-align-center\">&#8211; Nous sommes disponibles 24h\/24, 365 jours par an<br>&#8211; Service rapide, amical et professionnel<br>&#8211; Nous comprenons votre urgence et intervenons imm\u00e9diatement<br>&#8211; Nos services sont de la plus haute qualit\u00e9 \u00e0 des prix fixes et \u00e9quitables<br>&#8211; La satisfaction du client est notre priorit\u00e9<\/p>\n\n\n\n<h3 class=\"wp-block-heading has-text-align-center\"><span class=\"ez-toc-section\" id=\"Quand_devriez-vous_nous_appeler\"><\/span><strong><span style=\"color: #003366;\">Quand devriez-vous nous appeler?<\/span><\/strong><span class=\"ez-toc-section-end\"><\/span><\/h3>\n\n\n\n<p class=\"has-text-align-center\">&#8211; Si vous \u00eates enferm\u00e9 dehors<br>&#8211; Si vous avez perdu votre cl\u00e9<br>&#8211; Si vous avez besoin de remplacer une serrure ou un cylindre d\u00e9fectueux<br>&#8211; Si vous avez besoin d&rsquo;un cylindre de s\u00e9curit\u00e9<br>&#8211; Si vous devez ouvrir un coffre-fort<\/p>\n\n\n\n<p class=\"has-text-align-center has-black-color has-text-color has-link-color wp-elements-fe4ab7e6388ea2fb5eed3e622b764cf5\"><em><strong>Nous sommes votre partenaire fiable pour tous les probl\u00e8mes de cl\u00e9s. Appelez-nous \u00e0 tout moment, car le service de cl\u00e9s 089 Schl\u00fcsseldienst est disponible 24 heures sur 24, 7 jours sur 7.<\/strong><\/em><\/p>\n","protected":false},"excerpt":{"rendered":"<p>Bienvenue chez 089 Schl\u00fcsseldienst &#8211; Votre serrurier, partenaire fiable pour les probl\u00e8mes de cl\u00e9s \ud83d\udcde 089\/94391022 Rien n&rsquo;est peut-\u00eatre plus frustrant que de se retrouver soudainement enferm\u00e9 hors de chez soi ou de sa voiture. Mais ne vous inqui\u00e9tez pas, le serrurier 089 Schl\u00fcsseldienst est l\u00e0 pour vous aider dans de telles situations. Pour l\u2019instant, [&hellip;]<\/p>\n","protected":false},"author":1,"featured_media":0,"parent":0,"menu_order":0,"comment_status":"closed","ping_status":"closed","template":"","meta":{"footnotes":""},"class_list":["post-4644","page","type-page","status-publish","hentry"],"yoast_head":"<!-- This site is optimized with the Yoast SEO plugin v27.2 - https:\/\/yoast.com\/product\/yoast-seo-wordpress\/ -->\n<title>089 Schl\u00fcsseldienst | Serrurier Munich| \ud83d\udcde 089\/94391022<\/title>\n<meta name=\"description\" content=\"Services de Serrurier | Votre Service de Serrurier \u00e0 Munich au prix fixe de \u20ac 55,- tout compris! 089\/94391022\" \/>\n<meta name=\"robots\" content=\"index, follow, max-snippet:-1, max-image-preview:large, max-video-preview:-1\" \/>\n<link rel=\"canonical\" href=\"https:\/\/www.089-schluesseldienst.com\/fr\/\" \/>\n<meta property=\"og:locale\" content=\"fr_FR\" \/>\n<meta property=\"og:type\" content=\"article\" \/>\n<meta property=\"og:title\" content=\"089 Schl\u00fcsseldienst | Serrurier Munich| \ud83d\udcde 089\/94391022\" \/>\n<meta property=\"og:description\" content=\"Services de Serrurier | Votre Service de Serrurier \u00e0 Munich au prix fixe de \u20ac 55,- tout compris! 089\/94391022\" \/>\n<meta property=\"og:url\" content=\"https:\/\/www.089-schluesseldienst.com\/fr\/\" \/>\n<meta property=\"og:site_name\" content=\"Schl\u00fcsseldienst M\u00fcnchen Festpreis 55,-\u20ac 089\/94391022\" \/>\n<meta property=\"article:publisher\" content=\"https:\/\/www.facebook.com\/pages\/089-Schl%c3%bcsseldienst\/380325572118404\" \/>\n<meta property=\"article:modified_time\" content=\"2024-04-24T09:50:21+00:00\" \/>\n<meta property=\"og:image\" content=\"https:\/\/www.089-schluesseldienst.com\/wp-content\/uploads\/2019\/01\/rsz_1rsz_131.jpg\" \/>\n<meta name=\"twitter:label1\" content=\"Dur\u00e9e de lecture estim\u00e9e\" \/>\n\t<meta name=\"twitter:data1\" content=\"2 minutes\" \/>\n<script type=\"application\/ld+json\" class=\"yoast-schema-graph\">{\"@context\":\"https:\/\/schema.org\",\"@graph\":[{\"@type\":\"WebPage\",\"@id\":\"https:\/\/www.089-schluesseldienst.com\/fr\/\",\"url\":\"https:\/\/www.089-schluesseldienst.com\/fr\/\",\"name\":\"089 Schl\u00fcsseldienst | Serrurier Munich| \ud83d\udcde 089\/94391022\",\"isPartOf\":{\"@id\":\"https:\/\/www.089-schluesseldienst.com\/fr\/#website\"},\"primaryImageOfPage\":{\"@id\":\"https:\/\/www.089-schluesseldienst.com\/fr\/#primaryimage\"},\"image\":{\"@id\":\"https:\/\/www.089-schluesseldienst.com\/fr\/#primaryimage\"},\"thumbnailUrl\":\"https:\/\/www.089-schluesseldienst.com\/wp-content\/uploads\/2019\/01\/rsz_1rsz_131.jpg\",\"datePublished\":\"2019-10-06T08:48:31+00:00\",\"dateModified\":\"2024-04-24T09:50:21+00:00\",\"description\":\"Services de Serrurier | Votre Service de Serrurier \u00e0 Munich au prix fixe de \u20ac 55,- tout compris! 089\/94391022\",\"breadcrumb\":{\"@id\":\"https:\/\/www.089-schluesseldienst.com\/fr\/#breadcrumb\"},\"inLanguage\":\"fr-FR\",\"potentialAction\":[{\"@type\":\"ReadAction\",\"target\":[\"https:\/\/www.089-schluesseldienst.com\/fr\/\"]}]},{\"@type\":\"ImageObject\",\"inLanguage\":\"fr-FR\",\"@id\":\"https:\/\/www.089-schluesseldienst.com\/fr\/#primaryimage\",\"url\":\"https:\/\/www.089-schluesseldienst.com\/wp-content\/uploads\/2019\/01\/rsz_1rsz_131.jpg\",\"contentUrl\":\"https:\/\/www.089-schluesseldienst.com\/wp-content\/uploads\/2019\/01\/rsz_1rsz_131.jpg\"},{\"@type\":\"BreadcrumbList\",\"@id\":\"https:\/\/www.089-schluesseldienst.com\/fr\/#breadcrumb\",\"itemListElement\":[{\"@type\":\"ListItem\",\"position\":1,\"name\":\"Home\",\"item\":\"https:\/\/www.089-schluesseldienst.com\/fr\/\"},{\"@type\":\"ListItem\",\"position\":2,\"name\":\"Services de Serrurier\"}]},{\"@type\":\"WebSite\",\"@id\":\"https:\/\/www.089-schluesseldienst.com\/fr\/#website\",\"url\":\"https:\/\/www.089-schluesseldienst.com\/fr\/\",\"name\":\"Schl\u00fcsseldienst M\u00fcnchen Festpreis 55,-\u20ac 089\/94391022\",\"description\":\"55,-\u20ac keine Anfahrtskosten\",\"publisher\":{\"@id\":\"https:\/\/www.089-schluesseldienst.com\/fr\/#organization\"},\"potentialAction\":[{\"@type\":\"SearchAction\",\"target\":{\"@type\":\"EntryPoint\",\"urlTemplate\":\"https:\/\/www.089-schluesseldienst.com\/fr\/?s={search_term_string}\"},\"query-input\":{\"@type\":\"PropertyValueSpecification\",\"valueRequired\":true,\"valueName\":\"search_term_string\"}}],\"inLanguage\":\"fr-FR\"},{\"@type\":\"Organization\",\"@id\":\"https:\/\/www.089-schluesseldienst.com\/fr\/#organization\",\"name\":\"Schl\u00fcsseldienst M\u00fcnchen Festpreis 55,-\u20ac 089\/94391022\",\"url\":\"https:\/\/www.089-schluesseldienst.com\/fr\/\",\"logo\":{\"@type\":\"ImageObject\",\"inLanguage\":\"fr-FR\",\"@id\":\"https:\/\/www.089-schluesseldienst.com\/fr\/#\/schema\/logo\/image\/\",\"url\":\"https:\/\/www.089-schluesseldienst.com\/wp-content\/uploads\/2019\/11\/cropped-cropped-157436094679494883.png\",\"contentUrl\":\"https:\/\/www.089-schluesseldienst.com\/wp-content\/uploads\/2019\/11\/cropped-cropped-157436094679494883.png\",\"width\":89,\"height\":89,\"caption\":\"Schl\u00fcsseldienst M\u00fcnchen Festpreis 55,-\u20ac 089\/94391022\"},\"image\":{\"@id\":\"https:\/\/www.089-schluesseldienst.com\/fr\/#\/schema\/logo\/image\/\"},\"sameAs\":[\"https:\/\/www.facebook.com\/pages\/089-Schl\u00fcsseldienst\/380325572118404\",\"https:\/\/x.com\/089Schluessel\"]}]}<\/script>\n<!-- \/ Yoast SEO plugin. -->","yoast_head_json":{"title":"089 Schl\u00fcsseldienst | Serrurier Munich| \ud83d\udcde 089\/94391022","description":"Services de Serrurier | Votre Service de Serrurier \u00e0 Munich au prix fixe de \u20ac 55,- tout compris! 089\/94391022","robots":{"index":"index","follow":"follow","max-snippet":"max-snippet:-1","max-image-preview":"max-image-preview:large","max-video-preview":"max-video-preview:-1"},"canonical":"https:\/\/www.089-schluesseldienst.com\/fr\/","og_locale":"fr_FR","og_type":"article","og_title":"089 Schl\u00fcsseldienst | Serrurier Munich| \ud83d\udcde 089\/94391022","og_description":"Services de Serrurier | Votre Service de Serrurier \u00e0 Munich au prix fixe de \u20ac 55,- tout compris! 089\/94391022","og_url":"https:\/\/www.089-schluesseldienst.com\/fr\/","og_site_name":"Schl\u00fcsseldienst M\u00fcnchen Festpreis 55,-\u20ac 089\/94391022","article_publisher":"https:\/\/www.facebook.com\/pages\/089-Schl%c3%bcsseldienst\/380325572118404","article_modified_time":"2024-04-24T09:50:21+00:00","og_image":[{"url":"https:\/\/www.089-schluesseldienst.com\/wp-content\/uploads\/2019\/01\/rsz_1rsz_131.jpg","type":"","width":"","height":""}],"twitter_misc":{"Dur\u00e9e de lecture estim\u00e9e":"2 minutes"},"schema":{"@context":"https:\/\/schema.org","@graph":[{"@type":"WebPage","@id":"https:\/\/www.089-schluesseldienst.com\/fr\/","url":"https:\/\/www.089-schluesseldienst.com\/fr\/","name":"089 Schl\u00fcsseldienst | Serrurier Munich| \ud83d\udcde 089\/94391022","isPartOf":{"@id":"https:\/\/www.089-schluesseldienst.com\/fr\/#website"},"primaryImageOfPage":{"@id":"https:\/\/www.089-schluesseldienst.com\/fr\/#primaryimage"},"image":{"@id":"https:\/\/www.089-schluesseldienst.com\/fr\/#primaryimage"},"thumbnailUrl":"https:\/\/www.089-schluesseldienst.com\/wp-content\/uploads\/2019\/01\/rsz_1rsz_131.jpg","datePublished":"2019-10-06T08:48:31+00:00","dateModified":"2024-04-24T09:50:21+00:00","description":"Services de Serrurier | Votre Service de Serrurier \u00e0 Munich au prix fixe de \u20ac 55,- tout compris! 089\/94391022","breadcrumb":{"@id":"https:\/\/www.089-schluesseldienst.com\/fr\/#breadcrumb"},"inLanguage":"fr-FR","potentialAction":[{"@type":"ReadAction","target":["https:\/\/www.089-schluesseldienst.com\/fr\/"]}]},{"@type":"ImageObject","inLanguage":"fr-FR","@id":"https:\/\/www.089-schluesseldienst.com\/fr\/#primaryimage","url":"https:\/\/www.089-schluesseldienst.com\/wp-content\/uploads\/2019\/01\/rsz_1rsz_131.jpg","contentUrl":"https:\/\/www.089-schluesseldienst.com\/wp-content\/uploads\/2019\/01\/rsz_1rsz_131.jpg"},{"@type":"BreadcrumbList","@id":"https:\/\/www.089-schluesseldienst.com\/fr\/#breadcrumb","itemListElement":[{"@type":"ListItem","position":1,"name":"Home","item":"https:\/\/www.089-schluesseldienst.com\/fr\/"},{"@type":"ListItem","position":2,"name":"Services de Serrurier"}]},{"@type":"WebSite","@id":"https:\/\/www.089-schluesseldienst.com\/fr\/#website","url":"https:\/\/www.089-schluesseldienst.com\/fr\/","name":"Schl\u00fcsseldienst M\u00fcnchen Festpreis 55,-\u20ac 089\/94391022","description":"55,-\u20ac keine Anfahrtskosten","publisher":{"@id":"https:\/\/www.089-schluesseldienst.com\/fr\/#organization"},"potentialAction":[{"@type":"SearchAction","target":{"@type":"EntryPoint","urlTemplate":"https:\/\/www.089-schluesseldienst.com\/fr\/?s={search_term_string}"},"query-input":{"@type":"PropertyValueSpecification","valueRequired":true,"valueName":"search_term_string"}}],"inLanguage":"fr-FR"},{"@type":"Organization","@id":"https:\/\/www.089-schluesseldienst.com\/fr\/#organization","name":"Schl\u00fcsseldienst M\u00fcnchen Festpreis 55,-\u20ac 089\/94391022","url":"https:\/\/www.089-schluesseldienst.com\/fr\/","logo":{"@type":"ImageObject","inLanguage":"fr-FR","@id":"https:\/\/www.089-schluesseldienst.com\/fr\/#\/schema\/logo\/image\/","url":"https:\/\/www.089-schluesseldienst.com\/wp-content\/uploads\/2019\/11\/cropped-cropped-157436094679494883.png","contentUrl":"https:\/\/www.089-schluesseldienst.com\/wp-content\/uploads\/2019\/11\/cropped-cropped-157436094679494883.png","width":89,"height":89,"caption":"Schl\u00fcsseldienst M\u00fcnchen Festpreis 55,-\u20ac 089\/94391022"},"image":{"@id":"https:\/\/www.089-schluesseldienst.com\/fr\/#\/schema\/logo\/image\/"},"sameAs":["https:\/\/www.facebook.com\/pages\/089-Schl\u00fcsseldienst\/380325572118404","https:\/\/x.com\/089Schluessel"]}]}},"rttpg_featured_image_url":null,"rttpg_author":{"display_name":"admin","author_link":"https:\/\/www.089-schluesseldienst.com\/fr\/author\/admin\/"},"rttpg_comment":0,"rttpg_category":" <a href=\"https:\/\/www.089-schluesseldienst.com\/fr\/?taxonomy=translation_priority&#038;term=facultatif\" rel=\"tag\">Facultatif<\/a>","rttpg_excerpt":"Bienvenue chez 089 Schl\u00fcsseldienst &#8211; Votre serrurier, partenaire fiable pour les probl\u00e8mes de cl\u00e9s \ud83d\udcde 089\/94391022 Rien n&rsquo;est peut-\u00eatre plus frustrant que de se retrouver soudainement enferm\u00e9 hors de chez soi ou de sa voiture. Mais ne vous inqui\u00e9tez pas, le serrurier 089 Schl\u00fcsseldienst est l\u00e0 pour vous aider dans de telles situations. Pour l\u2019instant,\u2026","_links":{"self":[{"href":"https:\/\/www.089-schluesseldienst.com\/fr\/wp-json\/wp\/v2\/pages\/4644","targetHints":{"allow":["GET"]}}],"collection":[{"href":"https:\/\/www.089-schluesseldienst.com\/fr\/wp-json\/wp\/v2\/pages"}],"about":[{"href":"https:\/\/www.089-schluesseldienst.com\/fr\/wp-json\/wp\/v2\/types\/page"}],"author":[{"embeddable":true,"href":"https:\/\/www.089-schluesseldienst.com\/fr\/wp-json\/wp\/v2\/users\/1"}],"replies":[{"embeddable":true,"href":"https:\/\/www.089-schluesseldienst.com\/fr\/wp-json\/wp\/v2\/comments?post=4644"}],"version-history":[{"count":10,"href":"https:\/\/www.089-schluesseldienst.com\/fr\/wp-json\/wp\/v2\/pages\/4644\/revisions"}],"predecessor-version":[{"id":5872,"href":"https:\/\/www.089-schluesseldienst.com\/fr\/wp-json\/wp\/v2\/pages\/4644\/revisions\/5872"}],"wp:attachment":[{"href":"https:\/\/www.089-schluesseldienst.com\/fr\/wp-json\/wp\/v2\/media?parent=4644"}],"curies":[{"name":"wp","href":"https:\/\/api.w.org\/{rel}","templated":true}]}}