{"id":4652,"date":"2019-10-06T09:19:07","date_gmt":"2019-10-06T09:19:07","guid":{"rendered":"http:\/\/www.089-schluesseldienst.com\/?page_id=4652"},"modified":"2024-04-24T10:01:19","modified_gmt":"2024-04-24T10:01:19","slug":"servicios-de-cerrajero","status":"publish","type":"page","link":"https:\/\/www.089-schluesseldienst.com\/es\/","title":{"rendered":"Servicios de Cerrajero"},"content":{"rendered":"<h2 style=\"text-align: center;\"><span class=\"ez-toc-section\" id=\"Bienvenido_a_089_Schlusseldienst_%E2%80%93_Su_socio_confiable_para_problemas_de_llaves_%F0%9F%93%9E_08994391022\"><\/span><span style=\"color: #003366;\"><strong>Bienvenido a 089 Schl\u00fcsseldienst &#8211; Su socio confiable para problemas de llaves <\/strong><strong>\ud83d\udcde 089\/94391022<\/strong><\/span><span class=\"ez-toc-section-end\"><\/span><\/h2><div id=\"ez-toc-container\" class=\"ez-toc-v2_0_82 counter-hierarchy ez-toc-counter ez-toc-grey ez-toc-container-direction\">\n<div class=\"ez-toc-title-container\">\n<p class=\"ez-toc-title\" style=\"cursor:inherit\">Inhaltsverzeichnis<\/p>\n<span class=\"ez-toc-title-toggle\"><a href=\"#\" class=\"ez-toc-pull-right ez-toc-btn ez-toc-btn-xs ez-toc-btn-default ez-toc-toggle\" aria-label=\"Alternar tabla de contenidos\"><span class=\"ez-toc-js-icon-con\"><span class=\"\"><span class=\"eztoc-hide\" style=\"display:none;\">Toggle<\/span><span class=\"ez-toc-icon-toggle-span\"><svg style=\"fill: #999;color:#999\" xmlns=\"http:\/\/www.w3.org\/2000\/svg\" class=\"list-377408\" width=\"20px\" height=\"20px\" viewBox=\"0 0 24 24\" fill=\"none\"><path d=\"M6 6H4v2h2V6zm14 0H8v2h12V6zM4 11h2v2H4v-2zm16 0H8v2h12v-2zM4 16h2v2H4v-2zm16 0H8v2h12v-2z\" fill=\"currentColor\"><\/path><\/svg><svg style=\"fill: #999;color:#999\" class=\"arrow-unsorted-368013\" xmlns=\"http:\/\/www.w3.org\/2000\/svg\" width=\"10px\" height=\"10px\" viewBox=\"0 0 24 24\" version=\"1.2\" baseProfile=\"tiny\"><path d=\"M18.2 9.3l-6.2-6.3-6.2 6.3c-.2.2-.3.4-.3.7s.1.5.3.7c.2.2.4.3.7.3h11c.3 0 .5-.1.7-.3.2-.2.3-.5.3-.7s-.1-.5-.3-.7zM5.8 14.7l6.2 6.3 6.2-6.3c.2-.2.3-.5.3-.7s-.1-.5-.3-.7c-.2-.2-.4-.3-.7-.3h-11c-.3 0-.5.1-.7.3-.2.2-.3.5-.3.7s.1.5.3.7z\"\/><\/svg><\/span><\/span><\/span><\/a><\/span><\/div>\n<nav><ul class='ez-toc-list ez-toc-list-level-1 ' ><li class='ez-toc-page-1 ez-toc-heading-level-2'><a class=\"ez-toc-link ez-toc-heading-1\" href=\"https:\/\/www.089-schluesseldienst.com\/es\/#Bienvenido_a_089_Schlusseldienst_%E2%80%93_Su_socio_confiable_para_problemas_de_llaves_%F0%9F%93%9E_08994391022\" >Bienvenido a 089 Schl\u00fcsseldienst &#8211; Su socio confiable para problemas de llaves \ud83d\udcde 089\/94391022<\/a><ul class='ez-toc-list-level-3' ><li class='ez-toc-heading-level-3'><a class=\"ez-toc-link ez-toc-heading-2\" href=\"https:\/\/www.089-schluesseldienst.com\/es\/#Nuestra_amplia_gama_de_servicios_para_usted\" >Nuestra amplia gama de servicios para usted<\/a><\/li><li class='ez-toc-page-1 ez-toc-heading-level-3'><a class=\"ez-toc-link ez-toc-heading-3\" href=\"https:\/\/www.089-schluesseldienst.com\/es\/#Por_que_deberia_elegirnos\" >Por qu\u00e9 deber\u00eda elegirnos<\/a><\/li><li class='ez-toc-page-1 ez-toc-heading-level-3'><a class=\"ez-toc-link ez-toc-heading-4\" href=\"https:\/\/www.089-schluesseldienst.com\/es\/#%C2%BFCuando_deberia_llamarnos\" >\u00bfCu\u00e1ndo deber\u00eda llamarnos?<\/a><\/li><\/ul><\/li><\/ul><\/nav><\/div>\n\n<h1 class=\"widget-title\"><img loading=\"lazy\" decoding=\"async\" class=\"aligncenter size-full wp-image-4856\" src=\"https:\/\/www.089-schluesseldienst.com\/wp-content\/uploads\/2020\/04\/111.jpg\" alt=\"Schl\u00fcsseldienst M\u00fcnchen\" width=\"768\" height=\"433\" srcset=\"https:\/\/www.089-schluesseldienst.com\/wp-content\/uploads\/2020\/04\/111.jpg 768w, https:\/\/www.089-schluesseldienst.com\/wp-content\/uploads\/2020\/04\/111-347x196.jpg 347w\" sizes=\"auto, (max-width: 768px) 100vw, 768px\" \/><\/h1>\n<p style=\"text-align: center;\">Quiz\u00e1s no hay nada m\u00e1s frustrante que encontrarse de repente bloqueado fuera de su propia casa o autom\u00f3vil. Pero no se preocupe, 089 Schl\u00fcsseldienst est\u00e1 aqu\u00ed para ayudarlo en tales situaciones.<\/p>\n<p style=\"text-align: center;\">\n<table id=\"tablepress-1\" class=\"tablepress tablepress-id-1\">\n<thead>\n<tr class=\"row-1\">\n\t<th class=\"column-1\">Wochentag<\/th><th class=\"column-2\">Uhrzeit<\/th><th class=\"column-3\">  Preis<\/th><th class=\"column-4\">Schl\u00fcsseldienst M\u00fcnchen  Dienstleistungen<\/th>\n<\/tr>\n<\/thead>\n<tbody class=\"row-striping row-hover\">\n<tr class=\"row-2\">\n\t<td class=\"column-1\">Mo - Fr:<br \/>\n<\/td><td class=\"column-2\">08:00 - 17:00 <br \/>\n<\/td><td class=\"column-3\">55,-\u20ac<br \/>\n<\/td><td class=\"column-4\">T\u00fcr\u00f6ffnung<\/td>\n<\/tr>\n<tr class=\"row-3\">\n\t<td class=\"column-1\"><\/td><td class=\"column-2\">17:00 - 22:00 <br \/>\n<\/td><td class=\"column-3\">85,-\u20ac<br \/>\n<\/td><td class=\"column-4\">T\u00fcr\u00f6ffnung<\/td>\n<\/tr>\n<tr class=\"row-4\">\n\t<td class=\"column-1\"><\/td><td class=\"column-2\">22:00 - 08:00 <br \/>\n<\/td><td class=\"column-3\">98,-\u20ac<br \/>\n<\/td><td class=\"column-4\">T\u00fcr\u00f6ffnung<\/td>\n<\/tr>\n<tr class=\"row-5\">\n\t<td class=\"column-1\">Sa:<br \/>\n<\/td><td class=\"column-2\">08:00 - 22:00 <br \/>\n<\/td><td class=\"column-3\">85,-\u20ac<br \/>\n<\/td><td class=\"column-4\">T\u00fcr\u00f6ffnung<\/td>\n<\/tr>\n<tr class=\"row-6\">\n\t<td class=\"column-1\"><\/td><td class=\"column-2\">22:00 - 08:00 <br \/>\n<\/td><td class=\"column-3\">98,-\u20ac<\/td><td class=\"column-4\">T\u00fcr\u00f6ffnung<\/td>\n<\/tr>\n<tr class=\"row-7\">\n\t<td class=\"column-1\">So:<br \/>\n<\/td><td class=\"column-2\">08:00 - 24:00 <br \/>\n<\/td><td class=\"column-3\">98,-\u20ac<br \/>\n<\/td><td class=\"column-4\">T\u00fcr\u00f6ffnung<\/td>\n<\/tr>\n<\/tbody>\n<tfoot>\n<tr class=\"row-8\">\n\t<th class=\"column-1\">Feiertag: <br \/>\n<\/th><th class=\"column-2\">08:00 - 24:00 <br \/>\n<\/th><th class=\"column-3\">98,-\u20ac<br \/>\n<\/th><th class=\"column-4\">T\u00fcr\u00f6ffnung<\/th>\n<\/tr>\n<\/tfoot>\n<\/table>\n<\/p>\n<p style=\"text-align: center;\"><strong><span style=\"color: #000080;\">Para los servicios est\u00e1ndar de apertura de puerta<\/span><\/strong><\/p>\n<p><iframe loading=\"lazy\" title=\"Schl\u00fcsseldienst M\u00fcnchen Festpreis 55,-\u20ac keine Anfahrtskosten 089\/94391022\" width=\"640\" height=\"360\" src=\"https:\/\/www.youtube.com\/embed\/bGfy_r1JYqo?feature=oembed\" frameborder=\"0\" allow=\"accelerometer; autoplay; clipboard-write; encrypted-media; gyroscope; picture-in-picture; web-share\" referrerpolicy=\"strict-origin-when-cross-origin\" allowfullscreen><\/iframe><\/p>\n<h3 style=\"text-align: center;\"><span class=\"ez-toc-section\" id=\"Nuestra_amplia_gama_de_servicios_para_usted\"><\/span><span style=\"color: #003366;\">Nuestra amplia gama de servicios para usted<\/span><span class=\"ez-toc-section-end\"><\/span><\/h3>\n<p style=\"text-align: center;\">&#8211; Apertura de puertas de casa y apartamento<br \/>\n&#8211; Servicio de apertura de emergencia las 24 horas, los 365 d\u00edas del a\u00f1o<br \/>\n&#8211; Apertura de buzones<br \/>\n&#8211; Reparaci\u00f3n despu\u00e9s de da\u00f1os por robo<br \/>\n&#8211; Apertura de autos<br \/>\n&#8211; Apertura de puertas de garaje<br \/>\n&#8211; Apertura de cajas fuertes<br \/>\n&#8211; Apertura de archivadores<\/p>\n<h3 style=\"text-align: center;\"><span class=\"ez-toc-section\" id=\"Por_que_deberia_elegirnos\"><\/span><span style=\"color: #003366;\">Por qu\u00e9 deber\u00eda elegirnos<\/span><span class=\"ez-toc-section-end\"><\/span><\/h3>\n<p style=\"text-align: center;\">&#8211; Estamos disponibles las 24 horas del d\u00eda, los 365 d\u00edas del a\u00f1o<br \/>\n&#8211; Servicio r\u00e1pido, amable y profesional<br \/>\n&#8211; Entendemos su urgencia y estamos inmediatamente en el lugar<br \/>\n&#8211; Nuestros servicios son de la m\u00e1s alta calidad a precios fijos y justos<br \/>\n&#8211; La satisfacci\u00f3n del cliente es nuestra principal prioridad<\/p>\n<h3 style=\"text-align: center;\"><span class=\"ez-toc-section\" id=\"%C2%BFCuando_deberia_llamarnos\"><\/span><span style=\"color: #003366;\">\u00bfCu\u00e1ndo deber\u00eda llamarnos?<\/span><span class=\"ez-toc-section-end\"><\/span><\/h3>\n<p style=\"text-align: center;\">&#8211; Si se ha bloqueado<br \/>\n&#8211; Si ha perdido su llave<br \/>\n&#8211; Si necesita reemplazar una cerradura o cilindro defectuoso<br \/>\n&#8211; Si necesita un cilindro de seguridad<br \/>\n&#8211; Si necesita abrir una caja fuerte<\/p>\n<p style=\"text-align: center;\"><strong>Somos su socio confiable para todos los problemas de llaves. Ll\u00e1menos en cualquier momento, ya que 089 Schl\u00fcsseldienst est\u00e1 disponible las 24 horas del d\u00eda, los 7 d\u00edas de la semana.<\/strong><\/p>\n","protected":false},"excerpt":{"rendered":"<p>Bienvenido a 089 Schl\u00fcsseldienst &#8211; Su socio confiable para problemas de llaves \ud83d\udcde 089\/94391022 Quiz\u00e1s no hay nada m\u00e1s frustrante que encontrarse de repente bloqueado fuera de su propia casa o autom\u00f3vil. Pero no se preocupe, 089 Schl\u00fcsseldienst est\u00e1 aqu\u00ed para ayudarlo en tales situaciones. Para los servicios est\u00e1ndar de apertura de puerta Nuestra amplia [&hellip;]<\/p>\n","protected":false},"author":1,"featured_media":0,"parent":0,"menu_order":0,"comment_status":"closed","ping_status":"closed","template":"","meta":{"footnotes":""},"class_list":["post-4652","page","type-page","status-publish","hentry"],"yoast_head":"<!-- This site is optimized with the Yoast SEO plugin v27.2 - https:\/\/yoast.com\/product\/yoast-seo-wordpress\/ -->\n<title>Su Servicio de Cerrajero en M\u00fanich al precio fijo a partir de 55,00 \u20ac<\/title>\n<meta name=\"description\" content=\"Servicios de Cerrajero | Su Servicio de Cerrajero en M\u00fanich al precio fijo a partir de 55,00 \u20ac, todo incluido! 089\/94391022\" \/>\n<meta name=\"robots\" content=\"index, follow, max-snippet:-1, max-image-preview:large, max-video-preview:-1\" \/>\n<link rel=\"canonical\" href=\"https:\/\/www.089-schluesseldienst.com\/es\/\" \/>\n<meta property=\"og:locale\" content=\"es_ES\" \/>\n<meta property=\"og:type\" content=\"article\" \/>\n<meta property=\"og:title\" content=\"Su Servicio de Cerrajero en M\u00fanich al precio fijo a partir de 55,00 \u20ac\" \/>\n<meta property=\"og:description\" content=\"Servicios de Cerrajero | Su Servicio de Cerrajero en M\u00fanich al precio fijo a partir de 55,00 \u20ac, todo incluido! 089\/94391022\" \/>\n<meta property=\"og:url\" content=\"https:\/\/www.089-schluesseldienst.com\/es\/\" \/>\n<meta property=\"og:site_name\" content=\"Schl\u00fcsseldienst M\u00fcnchen Festpreis 55,-\u20ac 089\/94391022\" \/>\n<meta property=\"article:publisher\" content=\"https:\/\/www.facebook.com\/pages\/089-Schl%c3%bcsseldienst\/380325572118404\" \/>\n<meta property=\"article:modified_time\" content=\"2024-04-24T10:01:19+00:00\" \/>\n<meta property=\"og:image\" content=\"https:\/\/www.089-schluesseldienst.com\/wp-content\/uploads\/2020\/04\/111.jpg\" \/>\n<meta name=\"twitter:label1\" content=\"Tiempo de lectura\" \/>\n\t<meta name=\"twitter:data1\" content=\"2 minutos\" \/>\n<script type=\"application\/ld+json\" class=\"yoast-schema-graph\">{\"@context\":\"https:\/\/schema.org\",\"@graph\":[{\"@type\":\"WebPage\",\"@id\":\"https:\/\/www.089-schluesseldienst.com\/es\/\",\"url\":\"https:\/\/www.089-schluesseldienst.com\/es\/\",\"name\":\"Su Servicio de Cerrajero en M\u00fanich al precio fijo a partir de 55,00 \u20ac\",\"isPartOf\":{\"@id\":\"https:\/\/www.089-schluesseldienst.com\/es\/#website\"},\"primaryImageOfPage\":{\"@id\":\"https:\/\/www.089-schluesseldienst.com\/es\/#primaryimage\"},\"image\":{\"@id\":\"https:\/\/www.089-schluesseldienst.com\/es\/#primaryimage\"},\"thumbnailUrl\":\"https:\/\/www.089-schluesseldienst.com\/wp-content\/uploads\/2020\/04\/111.jpg\",\"datePublished\":\"2019-10-06T09:19:07+00:00\",\"dateModified\":\"2024-04-24T10:01:19+00:00\",\"description\":\"Servicios de Cerrajero | Su Servicio de Cerrajero en M\u00fanich al precio fijo a partir de 55,00 \u20ac, todo incluido! 089\/94391022\",\"breadcrumb\":{\"@id\":\"https:\/\/www.089-schluesseldienst.com\/es\/#breadcrumb\"},\"inLanguage\":\"es\",\"potentialAction\":[{\"@type\":\"ReadAction\",\"target\":[\"https:\/\/www.089-schluesseldienst.com\/es\/\"]}]},{\"@type\":\"ImageObject\",\"inLanguage\":\"es\",\"@id\":\"https:\/\/www.089-schluesseldienst.com\/es\/#primaryimage\",\"url\":\"https:\/\/www.089-schluesseldienst.com\/wp-content\/uploads\/2020\/04\/111.jpg\",\"contentUrl\":\"https:\/\/www.089-schluesseldienst.com\/wp-content\/uploads\/2020\/04\/111.jpg\"},{\"@type\":\"BreadcrumbList\",\"@id\":\"https:\/\/www.089-schluesseldienst.com\/es\/#breadcrumb\",\"itemListElement\":[{\"@type\":\"ListItem\",\"position\":1,\"name\":\"Home\",\"item\":\"https:\/\/www.089-schluesseldienst.com\/es\/\"},{\"@type\":\"ListItem\",\"position\":2,\"name\":\"Servicios de Cerrajero\"}]},{\"@type\":\"WebSite\",\"@id\":\"https:\/\/www.089-schluesseldienst.com\/es\/#website\",\"url\":\"https:\/\/www.089-schluesseldienst.com\/es\/\",\"name\":\"Schl\u00fcsseldienst M\u00fcnchen Festpreis 55,-\u20ac 089\/94391022\",\"description\":\"55,-\u20ac keine Anfahrtskosten\",\"publisher\":{\"@id\":\"https:\/\/www.089-schluesseldienst.com\/es\/#organization\"},\"potentialAction\":[{\"@type\":\"SearchAction\",\"target\":{\"@type\":\"EntryPoint\",\"urlTemplate\":\"https:\/\/www.089-schluesseldienst.com\/es\/?s={search_term_string}\"},\"query-input\":{\"@type\":\"PropertyValueSpecification\",\"valueRequired\":true,\"valueName\":\"search_term_string\"}}],\"inLanguage\":\"es\"},{\"@type\":\"Organization\",\"@id\":\"https:\/\/www.089-schluesseldienst.com\/es\/#organization\",\"name\":\"Schl\u00fcsseldienst M\u00fcnchen Festpreis 55,-\u20ac 089\/94391022\",\"url\":\"https:\/\/www.089-schluesseldienst.com\/es\/\",\"logo\":{\"@type\":\"ImageObject\",\"inLanguage\":\"es\",\"@id\":\"https:\/\/www.089-schluesseldienst.com\/es\/#\/schema\/logo\/image\/\",\"url\":\"https:\/\/www.089-schluesseldienst.com\/wp-content\/uploads\/2019\/11\/cropped-cropped-157436094679494883.png\",\"contentUrl\":\"https:\/\/www.089-schluesseldienst.com\/wp-content\/uploads\/2019\/11\/cropped-cropped-157436094679494883.png\",\"width\":89,\"height\":89,\"caption\":\"Schl\u00fcsseldienst M\u00fcnchen Festpreis 55,-\u20ac 089\/94391022\"},\"image\":{\"@id\":\"https:\/\/www.089-schluesseldienst.com\/es\/#\/schema\/logo\/image\/\"},\"sameAs\":[\"https:\/\/www.facebook.com\/pages\/089-Schl\u00fcsseldienst\/380325572118404\",\"https:\/\/x.com\/089Schluessel\"]}]}<\/script>\n<!-- \/ Yoast SEO plugin. -->","yoast_head_json":{"title":"Su Servicio de Cerrajero en M\u00fanich al precio fijo a partir de 55,00 \u20ac","description":"Servicios de Cerrajero | Su Servicio de Cerrajero en M\u00fanich al precio fijo a partir de 55,00 \u20ac, todo incluido! 089\/94391022","robots":{"index":"index","follow":"follow","max-snippet":"max-snippet:-1","max-image-preview":"max-image-preview:large","max-video-preview":"max-video-preview:-1"},"canonical":"https:\/\/www.089-schluesseldienst.com\/es\/","og_locale":"es_ES","og_type":"article","og_title":"Su Servicio de Cerrajero en M\u00fanich al precio fijo a partir de 55,00 \u20ac","og_description":"Servicios de Cerrajero | Su Servicio de Cerrajero en M\u00fanich al precio fijo a partir de 55,00 \u20ac, todo incluido! 089\/94391022","og_url":"https:\/\/www.089-schluesseldienst.com\/es\/","og_site_name":"Schl\u00fcsseldienst M\u00fcnchen Festpreis 55,-\u20ac 089\/94391022","article_publisher":"https:\/\/www.facebook.com\/pages\/089-Schl%c3%bcsseldienst\/380325572118404","article_modified_time":"2024-04-24T10:01:19+00:00","og_image":[{"url":"https:\/\/www.089-schluesseldienst.com\/wp-content\/uploads\/2020\/04\/111.jpg","type":"","width":"","height":""}],"twitter_misc":{"Tiempo de lectura":"2 minutos"},"schema":{"@context":"https:\/\/schema.org","@graph":[{"@type":"WebPage","@id":"https:\/\/www.089-schluesseldienst.com\/es\/","url":"https:\/\/www.089-schluesseldienst.com\/es\/","name":"Su Servicio de Cerrajero en M\u00fanich al precio fijo a partir de 55,00 \u20ac","isPartOf":{"@id":"https:\/\/www.089-schluesseldienst.com\/es\/#website"},"primaryImageOfPage":{"@id":"https:\/\/www.089-schluesseldienst.com\/es\/#primaryimage"},"image":{"@id":"https:\/\/www.089-schluesseldienst.com\/es\/#primaryimage"},"thumbnailUrl":"https:\/\/www.089-schluesseldienst.com\/wp-content\/uploads\/2020\/04\/111.jpg","datePublished":"2019-10-06T09:19:07+00:00","dateModified":"2024-04-24T10:01:19+00:00","description":"Servicios de Cerrajero | Su Servicio de Cerrajero en M\u00fanich al precio fijo a partir de 55,00 \u20ac, todo incluido! 089\/94391022","breadcrumb":{"@id":"https:\/\/www.089-schluesseldienst.com\/es\/#breadcrumb"},"inLanguage":"es","potentialAction":[{"@type":"ReadAction","target":["https:\/\/www.089-schluesseldienst.com\/es\/"]}]},{"@type":"ImageObject","inLanguage":"es","@id":"https:\/\/www.089-schluesseldienst.com\/es\/#primaryimage","url":"https:\/\/www.089-schluesseldienst.com\/wp-content\/uploads\/2020\/04\/111.jpg","contentUrl":"https:\/\/www.089-schluesseldienst.com\/wp-content\/uploads\/2020\/04\/111.jpg"},{"@type":"BreadcrumbList","@id":"https:\/\/www.089-schluesseldienst.com\/es\/#breadcrumb","itemListElement":[{"@type":"ListItem","position":1,"name":"Home","item":"https:\/\/www.089-schluesseldienst.com\/es\/"},{"@type":"ListItem","position":2,"name":"Servicios de Cerrajero"}]},{"@type":"WebSite","@id":"https:\/\/www.089-schluesseldienst.com\/es\/#website","url":"https:\/\/www.089-schluesseldienst.com\/es\/","name":"Schl\u00fcsseldienst M\u00fcnchen Festpreis 55,-\u20ac 089\/94391022","description":"55,-\u20ac keine Anfahrtskosten","publisher":{"@id":"https:\/\/www.089-schluesseldienst.com\/es\/#organization"},"potentialAction":[{"@type":"SearchAction","target":{"@type":"EntryPoint","urlTemplate":"https:\/\/www.089-schluesseldienst.com\/es\/?s={search_term_string}"},"query-input":{"@type":"PropertyValueSpecification","valueRequired":true,"valueName":"search_term_string"}}],"inLanguage":"es"},{"@type":"Organization","@id":"https:\/\/www.089-schluesseldienst.com\/es\/#organization","name":"Schl\u00fcsseldienst M\u00fcnchen Festpreis 55,-\u20ac 089\/94391022","url":"https:\/\/www.089-schluesseldienst.com\/es\/","logo":{"@type":"ImageObject","inLanguage":"es","@id":"https:\/\/www.089-schluesseldienst.com\/es\/#\/schema\/logo\/image\/","url":"https:\/\/www.089-schluesseldienst.com\/wp-content\/uploads\/2019\/11\/cropped-cropped-157436094679494883.png","contentUrl":"https:\/\/www.089-schluesseldienst.com\/wp-content\/uploads\/2019\/11\/cropped-cropped-157436094679494883.png","width":89,"height":89,"caption":"Schl\u00fcsseldienst M\u00fcnchen Festpreis 55,-\u20ac 089\/94391022"},"image":{"@id":"https:\/\/www.089-schluesseldienst.com\/es\/#\/schema\/logo\/image\/"},"sameAs":["https:\/\/www.facebook.com\/pages\/089-Schl\u00fcsseldienst\/380325572118404","https:\/\/x.com\/089Schluessel"]}]}},"rttpg_featured_image_url":null,"rttpg_author":{"display_name":"admin","author_link":"https:\/\/www.089-schluesseldienst.com\/es\/author\/admin\/"},"rttpg_comment":0,"rttpg_category":" <a href=\"https:\/\/www.089-schluesseldienst.com\/es\/?taxonomy=translation_priority&#038;term=opcional\" rel=\"tag\">Opcional<\/a>","rttpg_excerpt":"Bienvenido a 089 Schl\u00fcsseldienst &#8211; Su socio confiable para problemas de llaves \ud83d\udcde 089\/94391022 Quiz\u00e1s no hay nada m\u00e1s frustrante que encontrarse de repente bloqueado fuera de su propia casa o autom\u00f3vil. Pero no se preocupe, 089 Schl\u00fcsseldienst est\u00e1 aqu\u00ed para ayudarlo en tales situaciones. Para los servicios est\u00e1ndar de apertura de puerta Nuestra amplia&hellip;","_links":{"self":[{"href":"https:\/\/www.089-schluesseldienst.com\/es\/wp-json\/wp\/v2\/pages\/4652","targetHints":{"allow":["GET"]}}],"collection":[{"href":"https:\/\/www.089-schluesseldienst.com\/es\/wp-json\/wp\/v2\/pages"}],"about":[{"href":"https:\/\/www.089-schluesseldienst.com\/es\/wp-json\/wp\/v2\/types\/page"}],"author":[{"embeddable":true,"href":"https:\/\/www.089-schluesseldienst.com\/es\/wp-json\/wp\/v2\/users\/1"}],"replies":[{"embeddable":true,"href":"https:\/\/www.089-schluesseldienst.com\/es\/wp-json\/wp\/v2\/comments?post=4652"}],"version-history":[{"count":3,"href":"https:\/\/www.089-schluesseldienst.com\/es\/wp-json\/wp\/v2\/pages\/4652\/revisions"}],"predecessor-version":[{"id":5893,"href":"https:\/\/www.089-schluesseldienst.com\/es\/wp-json\/wp\/v2\/pages\/4652\/revisions\/5893"}],"wp:attachment":[{"href":"https:\/\/www.089-schluesseldienst.com\/es\/wp-json\/wp\/v2\/media?parent=4652"}],"curies":[{"name":"wp","href":"https:\/\/api.w.org\/{rel}","templated":true}]}}