{"id":5732,"date":"2024-04-22T09:31:17","date_gmt":"2024-04-22T09:31:17","guid":{"rendered":"https:\/\/www.089-schluesseldienst.com\/?page_id=5732"},"modified":"2024-04-22T09:32:38","modified_gmt":"2024-04-22T09:32:38","slug":"5732-2","status":"publish","type":"page","link":"https:\/\/www.089-schluesseldienst.com\/bs\/","title":{"rendered":""},"content":{"rendered":"<h3><span class=\"ez-toc-section\" id=\"Dobrodosli_kod_089_Schlusseldienst_%E2%80%93_Vas_pouzdan_partner_za_probleme_sa_kljucevima%F0%9F%93%9E_08994391022\"><\/span><span style=\"color: #003366;\">Dobrodo\u0161li kod 089 Schl\u00fcsseldienst &#8211; Va\u0161 pouzdan partner za probleme sa klju\u010devima<strong>\ud83d\udcde 089\/94391022<\/strong><\/span><span class=\"ez-toc-section-end\"><\/span><\/h3><div id=\"ez-toc-container\" class=\"ez-toc-v2_0_82 counter-hierarchy ez-toc-counter ez-toc-grey ez-toc-container-direction\">\n<div class=\"ez-toc-title-container\">\n<p class=\"ez-toc-title\" style=\"cursor:inherit\">Inhaltsverzeichnis<\/p>\n<span class=\"ez-toc-title-toggle\"><a href=\"#\" class=\"ez-toc-pull-right ez-toc-btn ez-toc-btn-xs ez-toc-btn-default ez-toc-toggle\" aria-label=\"Toggle Table of Content\"><span class=\"ez-toc-js-icon-con\"><span class=\"\"><span class=\"eztoc-hide\" style=\"display:none;\">Toggle<\/span><span class=\"ez-toc-icon-toggle-span\"><svg style=\"fill: #999;color:#999\" xmlns=\"http:\/\/www.w3.org\/2000\/svg\" class=\"list-377408\" width=\"20px\" height=\"20px\" viewBox=\"0 0 24 24\" fill=\"none\"><path d=\"M6 6H4v2h2V6zm14 0H8v2h12V6zM4 11h2v2H4v-2zm16 0H8v2h12v-2zM4 16h2v2H4v-2zm16 0H8v2h12v-2z\" fill=\"currentColor\"><\/path><\/svg><svg style=\"fill: #999;color:#999\" class=\"arrow-unsorted-368013\" xmlns=\"http:\/\/www.w3.org\/2000\/svg\" width=\"10px\" height=\"10px\" viewBox=\"0 0 24 24\" version=\"1.2\" baseProfile=\"tiny\"><path d=\"M18.2 9.3l-6.2-6.3-6.2 6.3c-.2.2-.3.4-.3.7s.1.5.3.7c.2.2.4.3.7.3h11c.3 0 .5-.1.7-.3.2-.2.3-.5.3-.7s-.1-.5-.3-.7zM5.8 14.7l6.2 6.3 6.2-6.3c.2-.2.3-.5.3-.7s-.1-.5-.3-.7c-.2-.2-.4-.3-.7-.3h-11c-.3 0-.5.1-.7.3-.2.2-.3.5-.3.7s.1.5.3.7z\"\/><\/svg><\/span><\/span><\/span><\/a><\/span><\/div>\n<nav><ul class='ez-toc-list ez-toc-list-level-1 ' ><li class='ez-toc-page-1 ez-toc-heading-level-3'><a class=\"ez-toc-link ez-toc-heading-1\" href=\"https:\/\/www.089-schluesseldienst.com\/bs\/#Dobrodosli_kod_089_Schlusseldienst_%E2%80%93_Vas_pouzdan_partner_za_probleme_sa_kljucevima%F0%9F%93%9E_08994391022\" >Dobrodo\u0161li kod 089 Schl\u00fcsseldienst &#8211; Va\u0161 pouzdan partner za probleme sa klju\u010devima\ud83d\udcde 089\/94391022<\/a><\/li><li class='ez-toc-page-1 ez-toc-heading-level-3'><a class=\"ez-toc-link ez-toc-heading-2\" href=\"https:\/\/www.089-schluesseldienst.com\/bs\/#Nase_sirok_raspon_usluga_za_vas\" >Na\u0161e \u0161irok raspon usluga za vas<\/a><\/li><li class='ez-toc-page-1 ez-toc-heading-level-3'><a class=\"ez-toc-link ez-toc-heading-3\" href=\"https:\/\/www.089-schluesseldienst.com\/bs\/#Zasto_nas_odabrati\" >Za\u0161to nas odabrati<\/a><\/li><li class='ez-toc-page-1 ez-toc-heading-level-3'><a class=\"ez-toc-link ez-toc-heading-4\" href=\"https:\/\/www.089-schluesseldienst.com\/bs\/#Kada_nas_trebate_nazvati\" >Kada nas trebate nazvati<\/a><\/li><\/ul><\/nav><\/div>\n\n<p><img loading=\"lazy\" decoding=\"async\" class=\"aligncenter size-full wp-image-5722\" src=\"https:\/\/www.089-schluesseldienst.com\/wp-content\/uploads\/2024\/04\/111.jpg\" alt=\"089 Schl\u00fcsseldienst\" width=\"768\" height=\"433\" srcset=\"https:\/\/www.089-schluesseldienst.com\/wp-content\/uploads\/2024\/04\/111.jpg 768w, https:\/\/www.089-schluesseldienst.com\/wp-content\/uploads\/2024\/04\/111-347x196.jpg 347w\" sizes=\"auto, (max-width: 768px) 100vw, 768px\" \/><\/p>\n<p>Nema ni\u0161ta frustriraju\u0107e od toga da se iznenada zaklju\u010date iz svog doma ili automobila. Ali ne brinite, 089 Schl\u00fcsseldienst je ovdje da vam pomogne u takvim situacijama.<\/p>\n\n<table id=\"tablepress-1\" class=\"tablepress tablepress-id-1\">\n<thead>\n<tr class=\"row-1\">\n\t<th class=\"column-1\">Wochentag<\/th><th class=\"column-2\">Uhrzeit<\/th><th class=\"column-3\">  Preis<\/th><th class=\"column-4\">Schl\u00fcsseldienst M\u00fcnchen  Dienstleistungen<\/th>\n<\/tr>\n<\/thead>\n<tbody class=\"row-striping row-hover\">\n<tr class=\"row-2\">\n\t<td class=\"column-1\">Mo - Fr:<br \/>\n<\/td><td class=\"column-2\">08:00 - 17:00 <br \/>\n<\/td><td class=\"column-3\">55,-\u20ac<br \/>\n<\/td><td class=\"column-4\">T\u00fcr\u00f6ffnung<\/td>\n<\/tr>\n<tr class=\"row-3\">\n\t<td class=\"column-1\"><\/td><td class=\"column-2\">17:00 - 22:00 <br \/>\n<\/td><td class=\"column-3\">85,-\u20ac<br \/>\n<\/td><td class=\"column-4\">T\u00fcr\u00f6ffnung<\/td>\n<\/tr>\n<tr class=\"row-4\">\n\t<td class=\"column-1\"><\/td><td class=\"column-2\">22:00 - 08:00 <br \/>\n<\/td><td class=\"column-3\">98,-\u20ac<br \/>\n<\/td><td class=\"column-4\">T\u00fcr\u00f6ffnung<\/td>\n<\/tr>\n<tr class=\"row-5\">\n\t<td class=\"column-1\">Sa:<br \/>\n<\/td><td class=\"column-2\">08:00 - 22:00 <br \/>\n<\/td><td class=\"column-3\">85,-\u20ac<br \/>\n<\/td><td class=\"column-4\">T\u00fcr\u00f6ffnung<\/td>\n<\/tr>\n<tr class=\"row-6\">\n\t<td class=\"column-1\"><\/td><td class=\"column-2\">22:00 - 08:00 <br \/>\n<\/td><td class=\"column-3\">98,-\u20ac<\/td><td class=\"column-4\">T\u00fcr\u00f6ffnung<\/td>\n<\/tr>\n<tr class=\"row-7\">\n\t<td class=\"column-1\">So:<br \/>\n<\/td><td class=\"column-2\">08:00 - 24:00 <br \/>\n<\/td><td class=\"column-3\">98,-\u20ac<br \/>\n<\/td><td class=\"column-4\">T\u00fcr\u00f6ffnung<\/td>\n<\/tr>\n<\/tbody>\n<tfoot>\n<tr class=\"row-8\">\n\t<th class=\"column-1\">Feiertag: <br \/>\n<\/th><th class=\"column-2\">08:00 - 24:00 <br \/>\n<\/th><th class=\"column-3\">98,-\u20ac<br \/>\n<\/th><th class=\"column-4\">T\u00fcr\u00f6ffnung<\/th>\n<\/tr>\n<\/tfoot>\n<\/table>\n\n<h3><span class=\"ez-toc-section\" id=\"Nase_sirok_raspon_usluga_za_vas\"><\/span><span style=\"color: #003366;\">Na\u0161e \u0161irok raspon usluga za vas<\/span><span class=\"ez-toc-section-end\"><\/span><\/h3>\n<p>&#8211; Otklju\u010davanje ku\u0107nih i stanarskih vrata<br \/>\n&#8211; 24\/7 servis za hitne slu\u010dajeve<br \/>\n&#8211; Otklju\u010davanje po\u0161tanskih sandu\u010di\u0107a<br \/>\n&#8211; Popravka nakon provalnih \u0161teta<br \/>\n&#8211; Otklju\u010davanje automobila<br \/>\n&#8211; Otklju\u010davanje gara\u017enih vrata<br \/>\n&#8211; Otklju\u010davanje sefova<br \/>\n&#8211; Otklju\u010davanje ormara za dokumente<\/p>\n<h3><span class=\"ez-toc-section\" id=\"Zasto_nas_odabrati\"><\/span><span style=\"color: #003366;\">Za\u0161to nas odabrati<\/span><span class=\"ez-toc-section-end\"><\/span><\/h3>\n<p>&#8211; Tu smo za vas 24 sata dnevno, 365 dana u godini<br \/>\n&#8211; Brzi, ljubazni i profesionalni<br \/>\n&#8211; Razumijemo va\u0161u hitnost i odmah smo na terenu<br \/>\n&#8211; Na\u0161e usluge su visokog kvaliteta po fiksnim i fer cijenama<br \/>\n&#8211; Zadovoljstvo kupca nam je na prvom mjestu<\/p>\n<h3><span class=\"ez-toc-section\" id=\"Kada_nas_trebate_nazvati\"><\/span><span style=\"color: #003366;\">Kada nas trebate nazvati<\/span><span class=\"ez-toc-section-end\"><\/span><\/h3>\n<p>&#8211; Ako ste se zaklju\u010dali van<br \/>\n&#8211; Ako ste izgubili klju\u010d<br \/>\n&#8211; Ako trebate zamijeniti o\u0161te\u0107enu bravu ili cilindar<br \/>\n&#8211; Ako vam je potreban sigurnosni cilindar<br \/>\n&#8211; Ako trebate otvoriti sef<\/p>\n<p><strong>Mi smo va\u0161 pouzdan partner za sve probleme s klju\u010devima. Nazovite nas u bilo koje vrijeme, jer je 089 Schl\u00fcsseldienst dostupan 24 sata dnevno i 7 dana u tjednu<\/strong><\/p>\n","protected":false},"excerpt":{"rendered":"<p>Dobrodo\u0161li kod 089 Schl\u00fcsseldienst &#8211; Va\u0161 pouzdan partner za probleme sa klju\u010devima\ud83d\udcde 089\/94391022 Nema ni\u0161ta frustriraju\u0107e od toga da se iznenada zaklju\u010date iz svog doma ili automobila. Ali ne brinite, 089 Schl\u00fcsseldienst je ovdje da vam pomogne u takvim situacijama. Na\u0161e \u0161irok raspon usluga za vas &#8211; Otklju\u010davanje ku\u0107nih i stanarskih vrata &#8211; 24\/7 servis [&hellip;]<\/p>\n","protected":false},"author":1,"featured_media":0,"parent":0,"menu_order":0,"comment_status":"closed","ping_status":"closed","template":"","meta":{"footnotes":""},"class_list":["post-5732","page","type-page","status-publish","hentry"],"yoast_head":"<!-- This site is optimized with the Yoast SEO plugin v27.2 - https:\/\/yoast.com\/product\/yoast-seo-wordpress\/ -->\n<title>Dobrodo\u0161li kod 089 Schl\u00fcsseldienst | \ud83d\udcde 089\/94391022<\/title>\n<meta name=\"description\" content=\"Nema ni\u0161ta frustriraju\u0107e od toga da se iznenada zaklju\u010date iz svog doma ili automobila. Ali ne brinite, 089 Schl\u00fcsseldienst je ovdje da vam pomogne u takvim situacijama\" \/>\n<meta name=\"robots\" content=\"index, follow, max-snippet:-1, max-image-preview:large, max-video-preview:-1\" \/>\n<link rel=\"canonical\" href=\"https:\/\/www.089-schluesseldienst.com\/bs\/\" \/>\n<meta property=\"og:locale\" content=\"bs_BA\" \/>\n<meta property=\"og:type\" content=\"article\" \/>\n<meta property=\"og:title\" content=\"Dobrodo\u0161li kod 089 Schl\u00fcsseldienst | \ud83d\udcde 089\/94391022\" \/>\n<meta property=\"og:description\" content=\"Nema ni\u0161ta frustriraju\u0107e od toga da se iznenada zaklju\u010date iz svog doma ili automobila. Ali ne brinite, 089 Schl\u00fcsseldienst je ovdje da vam pomogne u takvim situacijama\" \/>\n<meta property=\"og:url\" content=\"https:\/\/www.089-schluesseldienst.com\/bs\/\" \/>\n<meta property=\"og:site_name\" content=\"Schl\u00fcsseldienst M\u00fcnchen Festpreis 55,-\u20ac 089\/94391022\" \/>\n<meta property=\"article:publisher\" content=\"https:\/\/www.facebook.com\/pages\/089-Schl%c3%bcsseldienst\/380325572118404\" \/>\n<meta property=\"article:modified_time\" content=\"2024-04-22T09:32:38+00:00\" \/>\n<meta property=\"og:image\" content=\"https:\/\/www.089-schluesseldienst.com\/wp-content\/uploads\/2024\/04\/111.jpg\" \/>\n<meta name=\"twitter:label1\" content=\"Est. reading time\" \/>\n\t<meta name=\"twitter:data1\" content=\"2 minute\" \/>\n<script type=\"application\/ld+json\" class=\"yoast-schema-graph\">{\"@context\":\"https:\/\/schema.org\",\"@graph\":[{\"@type\":\"WebPage\",\"@id\":\"https:\/\/www.089-schluesseldienst.com\/bs\/\",\"url\":\"https:\/\/www.089-schluesseldienst.com\/bs\/\",\"name\":\"Dobrodo\u0161li kod 089 Schl\u00fcsseldienst | \ud83d\udcde 089\/94391022\",\"isPartOf\":{\"@id\":\"https:\/\/www.089-schluesseldienst.com\/bs\/#website\"},\"primaryImageOfPage\":{\"@id\":\"https:\/\/www.089-schluesseldienst.com\/bs\/#primaryimage\"},\"image\":{\"@id\":\"https:\/\/www.089-schluesseldienst.com\/bs\/#primaryimage\"},\"thumbnailUrl\":\"https:\/\/www.089-schluesseldienst.com\/wp-content\/uploads\/2024\/04\/111.jpg\",\"datePublished\":\"2024-04-22T09:31:17+00:00\",\"dateModified\":\"2024-04-22T09:32:38+00:00\",\"description\":\"Nema ni\u0161ta frustriraju\u0107e od toga da se iznenada zaklju\u010date iz svog doma ili automobila. Ali ne brinite, 089 Schl\u00fcsseldienst je ovdje da vam pomogne u takvim situacijama\",\"inLanguage\":\"bs-BA\",\"potentialAction\":[{\"@type\":\"ReadAction\",\"target\":[\"https:\/\/www.089-schluesseldienst.com\/bs\/\"]}]},{\"@type\":\"ImageObject\",\"inLanguage\":\"bs-BA\",\"@id\":\"https:\/\/www.089-schluesseldienst.com\/bs\/#primaryimage\",\"url\":\"https:\/\/www.089-schluesseldienst.com\/wp-content\/uploads\/2024\/04\/111.jpg\",\"contentUrl\":\"https:\/\/www.089-schluesseldienst.com\/wp-content\/uploads\/2024\/04\/111.jpg\"},{\"@type\":\"WebSite\",\"@id\":\"https:\/\/www.089-schluesseldienst.com\/bs\/#website\",\"url\":\"https:\/\/www.089-schluesseldienst.com\/bs\/\",\"name\":\"Schl\u00fcsseldienst M\u00fcnchen Festpreis 55,-\u20ac 089\/94391022\",\"description\":\"55,-\u20ac keine Anfahrtskosten\",\"publisher\":{\"@id\":\"https:\/\/www.089-schluesseldienst.com\/bs\/#organization\"},\"potentialAction\":[{\"@type\":\"SearchAction\",\"target\":{\"@type\":\"EntryPoint\",\"urlTemplate\":\"https:\/\/www.089-schluesseldienst.com\/bs\/?s={search_term_string}\"},\"query-input\":{\"@type\":\"PropertyValueSpecification\",\"valueRequired\":true,\"valueName\":\"search_term_string\"}}],\"inLanguage\":\"bs-BA\"},{\"@type\":\"Organization\",\"@id\":\"https:\/\/www.089-schluesseldienst.com\/bs\/#organization\",\"name\":\"Schl\u00fcsseldienst M\u00fcnchen Festpreis 55,-\u20ac 089\/94391022\",\"url\":\"https:\/\/www.089-schluesseldienst.com\/bs\/\",\"logo\":{\"@type\":\"ImageObject\",\"inLanguage\":\"bs-BA\",\"@id\":\"https:\/\/www.089-schluesseldienst.com\/bs\/#\/schema\/logo\/image\/\",\"url\":\"https:\/\/www.089-schluesseldienst.com\/wp-content\/uploads\/2019\/11\/cropped-cropped-157436094679494883.png\",\"contentUrl\":\"https:\/\/www.089-schluesseldienst.com\/wp-content\/uploads\/2019\/11\/cropped-cropped-157436094679494883.png\",\"width\":89,\"height\":89,\"caption\":\"Schl\u00fcsseldienst M\u00fcnchen Festpreis 55,-\u20ac 089\/94391022\"},\"image\":{\"@id\":\"https:\/\/www.089-schluesseldienst.com\/bs\/#\/schema\/logo\/image\/\"},\"sameAs\":[\"https:\/\/www.facebook.com\/pages\/089-Schl\u00fcsseldienst\/380325572118404\",\"https:\/\/x.com\/089Schluessel\"]}]}<\/script>\n<!-- \/ Yoast SEO plugin. -->","yoast_head_json":{"title":"Dobrodo\u0161li kod 089 Schl\u00fcsseldienst | \ud83d\udcde 089\/94391022","description":"Nema ni\u0161ta frustriraju\u0107e od toga da se iznenada zaklju\u010date iz svog doma ili automobila. Ali ne brinite, 089 Schl\u00fcsseldienst je ovdje da vam pomogne u takvim situacijama","robots":{"index":"index","follow":"follow","max-snippet":"max-snippet:-1","max-image-preview":"max-image-preview:large","max-video-preview":"max-video-preview:-1"},"canonical":"https:\/\/www.089-schluesseldienst.com\/bs\/","og_locale":"bs_BA","og_type":"article","og_title":"Dobrodo\u0161li kod 089 Schl\u00fcsseldienst | \ud83d\udcde 089\/94391022","og_description":"Nema ni\u0161ta frustriraju\u0107e od toga da se iznenada zaklju\u010date iz svog doma ili automobila. Ali ne brinite, 089 Schl\u00fcsseldienst je ovdje da vam pomogne u takvim situacijama","og_url":"https:\/\/www.089-schluesseldienst.com\/bs\/","og_site_name":"Schl\u00fcsseldienst M\u00fcnchen Festpreis 55,-\u20ac 089\/94391022","article_publisher":"https:\/\/www.facebook.com\/pages\/089-Schl%c3%bcsseldienst\/380325572118404","article_modified_time":"2024-04-22T09:32:38+00:00","og_image":[{"url":"https:\/\/www.089-schluesseldienst.com\/wp-content\/uploads\/2024\/04\/111.jpg","type":"","width":"","height":""}],"twitter_misc":{"Est. reading time":"2 minute"},"schema":{"@context":"https:\/\/schema.org","@graph":[{"@type":"WebPage","@id":"https:\/\/www.089-schluesseldienst.com\/bs\/","url":"https:\/\/www.089-schluesseldienst.com\/bs\/","name":"Dobrodo\u0161li kod 089 Schl\u00fcsseldienst | \ud83d\udcde 089\/94391022","isPartOf":{"@id":"https:\/\/www.089-schluesseldienst.com\/bs\/#website"},"primaryImageOfPage":{"@id":"https:\/\/www.089-schluesseldienst.com\/bs\/#primaryimage"},"image":{"@id":"https:\/\/www.089-schluesseldienst.com\/bs\/#primaryimage"},"thumbnailUrl":"https:\/\/www.089-schluesseldienst.com\/wp-content\/uploads\/2024\/04\/111.jpg","datePublished":"2024-04-22T09:31:17+00:00","dateModified":"2024-04-22T09:32:38+00:00","description":"Nema ni\u0161ta frustriraju\u0107e od toga da se iznenada zaklju\u010date iz svog doma ili automobila. Ali ne brinite, 089 Schl\u00fcsseldienst je ovdje da vam pomogne u takvim situacijama","inLanguage":"bs-BA","potentialAction":[{"@type":"ReadAction","target":["https:\/\/www.089-schluesseldienst.com\/bs\/"]}]},{"@type":"ImageObject","inLanguage":"bs-BA","@id":"https:\/\/www.089-schluesseldienst.com\/bs\/#primaryimage","url":"https:\/\/www.089-schluesseldienst.com\/wp-content\/uploads\/2024\/04\/111.jpg","contentUrl":"https:\/\/www.089-schluesseldienst.com\/wp-content\/uploads\/2024\/04\/111.jpg"},{"@type":"WebSite","@id":"https:\/\/www.089-schluesseldienst.com\/bs\/#website","url":"https:\/\/www.089-schluesseldienst.com\/bs\/","name":"Schl\u00fcsseldienst M\u00fcnchen Festpreis 55,-\u20ac 089\/94391022","description":"55,-\u20ac keine Anfahrtskosten","publisher":{"@id":"https:\/\/www.089-schluesseldienst.com\/bs\/#organization"},"potentialAction":[{"@type":"SearchAction","target":{"@type":"EntryPoint","urlTemplate":"https:\/\/www.089-schluesseldienst.com\/bs\/?s={search_term_string}"},"query-input":{"@type":"PropertyValueSpecification","valueRequired":true,"valueName":"search_term_string"}}],"inLanguage":"bs-BA"},{"@type":"Organization","@id":"https:\/\/www.089-schluesseldienst.com\/bs\/#organization","name":"Schl\u00fcsseldienst M\u00fcnchen Festpreis 55,-\u20ac 089\/94391022","url":"https:\/\/www.089-schluesseldienst.com\/bs\/","logo":{"@type":"ImageObject","inLanguage":"bs-BA","@id":"https:\/\/www.089-schluesseldienst.com\/bs\/#\/schema\/logo\/image\/","url":"https:\/\/www.089-schluesseldienst.com\/wp-content\/uploads\/2019\/11\/cropped-cropped-157436094679494883.png","contentUrl":"https:\/\/www.089-schluesseldienst.com\/wp-content\/uploads\/2019\/11\/cropped-cropped-157436094679494883.png","width":89,"height":89,"caption":"Schl\u00fcsseldienst M\u00fcnchen Festpreis 55,-\u20ac 089\/94391022"},"image":{"@id":"https:\/\/www.089-schluesseldienst.com\/bs\/#\/schema\/logo\/image\/"},"sameAs":["https:\/\/www.facebook.com\/pages\/089-Schl\u00fcsseldienst\/380325572118404","https:\/\/x.com\/089Schluessel"]}]}},"rttpg_featured_image_url":null,"rttpg_author":{"display_name":"admin","author_link":"https:\/\/www.089-schluesseldienst.com\/bs\/author\/admin\/"},"rttpg_comment":0,"rttpg_category":" <a href=\"https:\/\/www.089-schluesseldienst.com\/bs\/?taxonomy=translation_priority&#038;term=optional-bs\" rel=\"tag\">Optional<\/a>","rttpg_excerpt":"Dobrodo\u0161li kod 089 Schl\u00fcsseldienst &#8211; Va\u0161 pouzdan partner za probleme sa klju\u010devima\ud83d\udcde 089\/94391022 Nema ni\u0161ta frustriraju\u0107e od toga da se iznenada zaklju\u010date iz svog doma ili automobila. Ali ne brinite, 089 Schl\u00fcsseldienst je ovdje da vam pomogne u takvim situacijama. Na\u0161e \u0161irok raspon usluga za vas &#8211; Otklju\u010davanje ku\u0107nih i stanarskih vrata &#8211; 24\/7 servis&hellip;","_links":{"self":[{"href":"https:\/\/www.089-schluesseldienst.com\/bs\/wp-json\/wp\/v2\/pages\/5732","targetHints":{"allow":["GET"]}}],"collection":[{"href":"https:\/\/www.089-schluesseldienst.com\/bs\/wp-json\/wp\/v2\/pages"}],"about":[{"href":"https:\/\/www.089-schluesseldienst.com\/bs\/wp-json\/wp\/v2\/types\/page"}],"author":[{"embeddable":true,"href":"https:\/\/www.089-schluesseldienst.com\/bs\/wp-json\/wp\/v2\/users\/1"}],"replies":[{"embeddable":true,"href":"https:\/\/www.089-schluesseldienst.com\/bs\/wp-json\/wp\/v2\/comments?post=5732"}],"version-history":[{"count":1,"href":"https:\/\/www.089-schluesseldienst.com\/bs\/wp-json\/wp\/v2\/pages\/5732\/revisions"}],"predecessor-version":[{"id":5733,"href":"https:\/\/www.089-schluesseldienst.com\/bs\/wp-json\/wp\/v2\/pages\/5732\/revisions\/5733"}],"wp:attachment":[{"href":"https:\/\/www.089-schluesseldienst.com\/bs\/wp-json\/wp\/v2\/media?parent=5732"}],"curies":[{"name":"wp","href":"https:\/\/api.w.org\/{rel}","templated":true}]}}